{"id":21244817,"date":"2023-08-30T10:48:17","date_gmt":"2023-08-30T10:48:17","guid":{"rendered":"https:\/\/www.hospodadubina.cz\/?page_id=21244817"},"modified":"2026-02-04T17:44:56","modified_gmt":"2026-02-04T17:44:56","slug":"penzion","status":"publish","type":"page","link":"https:\/\/hospodadubina.cz\/de\/penzion\/","title":{"rendered":"Pension"},"content":{"rendered":"<p>[et_pb_section fb_built=&#8220;1&#8243; _builder_version=&#8220;4.22.0&#8243; _module_preset=&#8220;default&#8220; background_color=&#8220;#f0ede6&#8243; global_colors_info=&#8220;{}&#8220;][et_pb_row _builder_version=&#8220;4.22.2&#8243; _module_preset=&#8220;default&#8220; background_color=&#8220;RGBA(255,255,255,0)&#8220; positioning=&#8220;none&#8220; position_origin_f=&#8220;top_center&#8220; vertical_offset=&#8220;84px&#8220; z_index=&#8220;3&#8243; custom_margin=&#8220;||-4vw||false|false&#8220; custom_margin_tablet=&#8220;||-4vw||false|false&#8220; custom_margin_phone=&#8220;||-17vw||false|false&#8220; custom_margin_last_edited=&#8220;on|phone&#8220; global_colors_info=&#8220;{}&#8220;][et_pb_column type=&#8220;4_4&#8243; _builder_version=&#8220;4.22.0&#8243; _module_preset=&#8220;default&#8220; global_colors_info=&#8220;{}&#8220;][et_pb_text _builder_version=&#8220;4.22.2&#8243; _module_preset=&#8220;default&#8220; header_2_font=&#8220;STIX Two Text||||||||&#8220; header_2_text_align=&#8220;center&#8220; header_2_text_color=&#8220;#dbd2c3&#8243; header_2_font_size=&#8220;13vw&#8220; background_color=&#8220;RGBA(255,255,255,0)&#8220; position_origin_f=&#8220;top_center&#8220; vertical_offset=&#8220;60px&#8220; z_index=&#8220;100&#8243; custom_margin=&#8220;6vw||||false|false&#8220; custom_margin_tablet=&#8220;6vw||||false|false&#8220; custom_margin_phone=&#8220;6vw||||false|false&#8220; custom_margin_last_edited=&#8220;on|desktop&#8220; global_colors_info=&#8220;{}&#8220;]<\/p>\n<h2>Penzion<\/h2>\n<p>[\/et_pb_text][et_pb_image src=&#8220;https:\/\/hospodadubina.cz\/wp-content\/uploads\/2023\/08\/listy_penzion1-252&#215;300.png&#8220; disabled_on=&#8220;off|off|off&#8220; _builder_version=&#8220;4.22.2&#8243; _module_preset=&#8220;default&#8220; positioning=&#8220;fixed&#8220; position_origin_f=&#8220;top_right&#8220; vertical_offset=&#8220;72px&#8220; horizontal_offset=&#8220;-7px&#8220; filter_opacity=&#8220;55%&#8220; filter_opacity_tablet=&#8220;55%&#8220; filter_opacity_phone=&#8220;12%&#8220; filter_opacity_last_edited=&#8220;on|phone&#8220; global_colors_info=&#8220;{}&#8220;][\/et_pb_image][et_pb_image src=&#8220;https:\/\/hospodadubina.cz\/wp-content\/uploads\/2023\/08\/listy_penzion2-535&#215;1024.png&#8220; disabled_on=&#8220;off|off|off&#8220; _builder_version=&#8220;4.22.2&#8243; _module_preset=&#8220;default&#8220; positioning=&#8220;fixed&#8220; vertical_offset=&#8220;96px&#8220; horizontal_offset=&#8220;-62px&#8220; height=&#8220;567px&#8220; max_height=&#8220;10800px&#8220; filter_opacity=&#8220;41%&#8220; filter_opacity_tablet=&#8220;41%&#8220; filter_opacity_phone=&#8220;12%&#8220; filter_opacity_last_edited=&#8220;on|phone&#8220; global_colors_info=&#8220;{}&#8220;][\/et_pb_image][\/et_pb_column][\/et_pb_row][et_pb_row _builder_version=&#8220;4.22.1&#8243; _module_preset=&#8220;default&#8220; positioning=&#8220;none&#8220; position_origin_a=&#8220;top_center&#8220; vertical_offset=&#8220;260px&#8220; horizontal_offset=&#8220;0px&#8220; width_tablet=&#8220;&#8220; width_phone=&#8220;100%&#8220; width_last_edited=&#8220;on|phone&#8220; custom_margin=&#8220;5px||||false|false&#8220; scroll_fade=&#8220;0|25|25|57|0|100|74%&#8220; global_colors_info=&#8220;{}&#8220;][et_pb_column type=&#8220;4_4&#8243; _builder_version=&#8220;4.22.1&#8243; _module_preset=&#8220;default&#8220; global_colors_info=&#8220;{}&#8220;][et_pb_text _builder_version=&#8220;4.27.5&#8243; _module_preset=&#8220;default&#8220; text_text_color=&#8220;#81898d&#8220; text_font_size=&#8220;16px&#8220; text_line_height=&#8220;1.3em&#8220; text_orientation=&#8220;justified&#8220; custom_padding=&#8220;|13vw||13vw|false|true&#8220; custom_padding_tablet=&#8220;|13vw||13vw|false|true&#8220; custom_padding_phone=&#8220;|5vw||5vw|false|true&#8220; custom_padding_last_edited=&#8220;on|phone&#8220; hover_enabled=&#8220;0&#8243; global_colors_info=&#8220;{}&#8220; sticky_enabled=&#8220;0&#8243;]<\/p>\n<p>S radost\u00ed v\u00e1s ubytujeme v jednom ze sedmi \u00fatuln\u00fdch, barvami hraj\u00edc\u00edch pokoj\u016f s vlastn\u00edm soci\u00e1ln\u00edm za\u0159\u00edzen\u00edm a televiz\u00ed. Pro chv\u00edle pohody na vod\u011b v\u00e1m nav\u00edc r\u00e1di zap\u016fj\u010d\u00edme pramici. K dispozici je tak\u00e9 sd\u00edlen\u00fd, pln\u011b vybaven\u00fd kuchy\u0148sk\u00fd kout na chodb\u011b.<\/p>\n<p>V hlavn\u00ed sez\u00f3n\u011b v\u00e1s pot\u011b\u0161\u00ed na\u0161e restaurace s celodenn\u00edm menu i mo\u017enost objedn\u00e1n\u00ed sn\u00eddan\u011b.\u00a0V mimosez\u00f3nn\u00edm obdob\u00ed je restaurace otev\u0159ena v\u00fdhradn\u011b pro ubytovan\u00e9 hosty, a aby pro v\u00e1s bylo v\u0161e p\u0159ipraveno p\u0159esn\u011b podle va\u0161ich p\u0159\u00e1n\u00ed,\u00a0pros\u00edme o rezervaci stravy p\u0159edem. Jen tak v\u00e1m m\u016f\u017eeme zajistit \u010derstv\u011b p\u0159ipraven\u00e9 sn\u00eddan\u011b i dal\u0161\u00ed pochoutky bez kompromis\u016f.<\/p>\n<p>B\u011bhem pobytu m\u00e1te p\u0159\u00edstup do cel\u00e9ho are\u00e1lu v\u010detn\u011b odpo\u010dinkov\u00e9 z\u00f3ny na b\u0159ehu Oh\u0159e. Va\u0161i ps\u00ed spole\u010dn\u00edci jsou u n\u00e1s v\u00edt\u00e1ni se stejnou v\u0159elost\u00ed, jako vy a pokud pl\u00e1nujete p\u0159ijet s v\u011bt\u0161\u00ed skupinou, \u010di se u n\u00e1s chcete ubytovat dlouhodob\u011b, vytvo\u0159\u00edme v\u00e1m cenu na m\u00edru.<\/p>\n<p>[\/et_pb_text][et_pb_text _builder_version=&#8220;4.22.1&#8243; _module_preset=&#8220;default&#8220; text_text_color=&#8220;#81898d&#8220; text_font_size=&#8220;16px&#8220; text_line_height=&#8220;0em&#8220; header_line_height=&#8220;1.7em&#8220; header_4_text_align=&#8220;center&#8220; header_4_text_color=&#8220;#87968c&#8220; header_4_font_size=&#8220;20px&#8220; header_4_line_height=&#8220;0.5em&#8220; text_orientation=&#8220;center&#8220; custom_margin=&#8220;4vw||||false|false&#8220; scroll_fade=&#8220;0|44|71|80|100%|80%|0%&#8220; scroll_scaling=&#8220;0|50|50|94|100%|50%|0%&#8220; motion_trigger_start=&#8220;top&#8220; global_colors_info=&#8220;{}&#8220;]<\/p>\n<p>7 pokoj\u016f s\u00a0celkovou kapacitou 20 l\u016f\u017eek<\/p>\n<h4>\u2022<\/h4>\n<p>Vod\u00e1ck\u00fd pokoj pro 6 osob (kv\u011bten \u2013 \u0159\u00edjen)<\/p>\n<h4>\u2022<\/h4>\n<p>Soci\u00e1ln\u00ed za\u0159\u00edzen\u00ed na v\u0161ech pokoj\u00edch<\/p>\n<h4>\u2022<\/h4>\n<p>Televize na pokoji<\/p>\n<h4>\u2022<\/h4>\n<p>Sd\u00edlen\u00fd pln\u011b vybaven\u00fd kuchy\u0148sk\u00fd kout na chodb\u011b<\/p>\n<h4>\u2022<\/h4>\n<p>Zap\u016fj\u010den\u00ed pramice jako bonus<\/p>\n<h4>\u2022<\/h4>\n<p>Mo\u017enost stravov\u00e1n\u00ed v\u00a0restauraci<\/p>\n<h4>\u2022<\/h4>\n<p>P\u016fj\u010dovna elektrokol<\/p>\n<h4>\u2022<\/h4>\n<p>Pln\u011b vybaven\u00e1 kol\u00e1rna<\/p>\n<h4>\u2022<\/h4>\n<p>Parkov\u00e1n\u00ed v cen\u011b<\/p>\n<h4>\u2022<\/h4>\n<p>Ps\u00ed mazl\u00ed\u010dci v\u00edt\u00e1ni<\/p>\n<h4>\u2022<\/h4>\n<p>Sleva p\u0159i dlouhodob\u00e9m a skupinov\u00e9m pobytu<\/p>\n<p>[\/et_pb_text][\/et_pb_column][\/et_pb_row][et_pb_row column_structure=&#8220;1_2,1_2&#8243; use_custom_gutter=&#8220;on&#8220; gutter_width=&#8220;1&#8243; _builder_version=&#8220;4.22.1&#8243; _module_preset=&#8220;default&#8220; background_color=&#8220;#FFFFFF&#8220; z_index=&#8220;10&#8243; width=&#8220;100%&#8220; custom_margin=&#8220;4vw|auto||auto|false|false&#8220; custom_padding=&#8220;0px||10px|4px|false|false&#8220; box_shadow_style=&#8220;preset1&#8243; box_shadow_blur=&#8220;16px&#8220; global_colors_info=&#8220;{}&#8220;][et_pb_column type=&#8220;1_2&#8243; _builder_version=&#8220;4.22.1&#8243; _module_preset=&#8220;default&#8220; custom_padding=&#8220;0px|||0px|false|false&#8220; global_colors_info=&#8220;{}&#8220;][et_pb_nextend_smart_slider_3 slider=&#8220;4&#8243; _builder_version=&#8220;4.22.0&#8243; _module_preset=&#8220;default&#8220; global_colors_info=&#8220;{}&#8220;][\/et_pb_nextend_smart_slider_3][\/et_pb_column][et_pb_column type=&#8220;1_2&#8243; _builder_version=&#8220;4.22.0&#8243; _module_preset=&#8220;default&#8220; global_colors_info=&#8220;{}&#8220;][et_pb_text _builder_version=&#8220;4.22.1&#8243; _module_preset=&#8220;default&#8220; text_font_size=&#8220;15px&#8220; text_line_height=&#8220;1.4em&#8220; header_2_font=&#8220;STIX Two Text||||||||&#8220; header_2_text_color=&#8220;#81898d&#8220; custom_margin=&#8220;3vw|3vw||3vw|false|false&#8220; global_colors_info=&#8220;{}&#8220;]<\/p>\n<h2>Jedni\u010dka<\/h2>\n<p>Chcete-li se p\u0159i sv\u00e9m pobytu kochat v\u00fdhledem na \u0159eku, zvolte si tento \u010dty\u0159l\u016f\u017ekov\u00fd pokoj s mo\u017enost\u00ed p\u0159ist\u00fdlky a do zelena lad\u011bnou koupelnou.<\/p>\n<p>&nbsp;<\/p>\n<ul>\n<li>4 l\u016f\u017eka (2 palandy, spodn\u00ed l\u016f\u017eko \u0161\u00ed\u0159ka 120 cm)<\/li>\n<li>Vlastn\u00ed koupelna (WC, sprchov\u00fd kout)<\/li>\n<li>Televize<\/li>\n<li>\u010c\u00e1ste\u010dn\u00fd v\u00fdhled na \u0159eku<\/li>\n<li>Bonus: zap\u016fj\u010den\u00ed pramice<\/li>\n<\/ul>\n<div id=\"gtx-trans\" style=\"position: absolute; left: -10px; top: 137.812px;\">\n<div class=\"gtx-trans-icon\"><\/div>\n<\/div>\n<p>[\/et_pb_text][et_pb_button button_url=&#8220;https:\/\/hospodadubina.cz\/rezervace\/&#8220; button_text=&#8220;Rezervace&#8220; button_alignment=&#8220;right&#8220; _builder_version=&#8220;4.22.1&#8243; _module_preset=&#8220;default&#8220; custom_button=&#8220;on&#8220; button_text_size=&#8220;16px&#8220; button_text_color=&#8220;#FFFFFF&#8220; button_bg_color=&#8220;#a4bf9b&#8220; button_border_width=&#8220;0px&#8220; button_border_radius=&#8220;0px&#8220; global_colors_info=&#8220;{}&#8220;][\/et_pb_button][\/et_pb_column][\/et_pb_row][et_pb_row column_structure=&#8220;1_2,1_2&#8243; use_custom_gutter=&#8220;on&#8220; gutter_width=&#8220;1&#8243; _builder_version=&#8220;4.22.1&#8243; _module_preset=&#8220;default&#8220; background_color=&#8220;#FFFFFF&#8220; z_index=&#8220;10&#8243; width=&#8220;100%&#8220; custom_margin=&#8220;80px|auto||auto|false|false&#8220; custom_padding=&#8220;0px||10px|4px|false|false&#8220; box_shadow_style=&#8220;preset1&#8243; box_shadow_blur=&#8220;16px&#8220; global_colors_info=&#8220;{}&#8220;][et_pb_column type=&#8220;1_2&#8243; _builder_version=&#8220;4.22.1&#8243; _module_preset=&#8220;default&#8220; custom_padding=&#8220;0px|||0px|false|false&#8220; global_colors_info=&#8220;{}&#8220;][et_pb_nextend_smart_slider_3 slider=&#8220;5&#8243; _builder_version=&#8220;4.22.1&#8243; _module_preset=&#8220;default&#8220; global_colors_info=&#8220;{}&#8220;][\/et_pb_nextend_smart_slider_3][\/et_pb_column][et_pb_column type=&#8220;1_2&#8243; _builder_version=&#8220;4.22.0&#8243; _module_preset=&#8220;default&#8220; global_colors_info=&#8220;{}&#8220;][et_pb_text _builder_version=&#8220;4.22.1&#8243; _module_preset=&#8220;default&#8220; text_font_size=&#8220;15px&#8220; text_line_height=&#8220;1.4em&#8220; header_2_font=&#8220;STIX Two Text||||||||&#8220; header_2_text_color=&#8220;#81898d&#8220; custom_margin=&#8220;3vw|3vw||3vw|false|false&#8220; global_colors_info=&#8220;{}&#8220;]<\/p>\n<h2>Dvojka<\/h2>\n<p>Pokud pl\u00e1nujete va\u0159it i na dovolen\u00e9, dvojka je pro v\u00e1s ide\u00e1l. V tomto \u010dty\u0159l\u016f\u017ekov\u00e9m pokoji s kuchy\u0148sk\u00fdm koutem a \u017elut\u011b dekorovanou koupelnou si sv\u016fj pobyt rozhodn\u011b vychutn\u00e1te.<br \/><span><\/span><\/p>\n<ul>\n<li>4 odd\u011blen\u00e1 l\u016f\u017eka <\/li>\n<li>Kuchy\u0148sk\u00fd kout (lednice, spor\u00e1k, kuchy\u0148sk\u00fd d\u0159ez, kuchy\u0148sk\u00e9 vybaven\u00ed)<\/li>\n<li>P\u0159eds\u00ed\u0148ka<\/li>\n<li>Vlastn\u00ed koupelna (WC, sprcha)<\/li>\n<li>Televize<\/li>\n<li>Okna orientovan\u00e1 k silnici <\/li>\n<li>Bonus: zap\u016fj\u010den\u00ed pramice<\/li>\n<\/ul>\n<p>[\/et_pb_text][et_pb_button button_url=&#8220;https:\/\/hospodadubina.cz\/rezervace\/&#8220; button_text=&#8220;Rezervace&#8220; button_alignment=&#8220;right&#8220; _builder_version=&#8220;4.22.1&#8243; _module_preset=&#8220;default&#8220; custom_button=&#8220;on&#8220; button_text_size=&#8220;16px&#8220; button_text_color=&#8220;#FFFFFF&#8220; button_bg_color=&#8220;#a4bf9b&#8220; button_border_width=&#8220;0px&#8220; button_border_radius=&#8220;0px&#8220; global_colors_info=&#8220;{}&#8220;][\/et_pb_button][\/et_pb_column][\/et_pb_row][et_pb_row column_structure=&#8220;1_2,1_2&#8243; use_custom_gutter=&#8220;on&#8220; gutter_width=&#8220;1&#8243; _builder_version=&#8220;4.22.1&#8243; _module_preset=&#8220;default&#8220; background_color=&#8220;#FFFFFF&#8220; z_index=&#8220;10&#8243; width=&#8220;100%&#8220; custom_margin=&#8220;80px|auto||auto|false|false&#8220; custom_padding=&#8220;0px||10px|4px|false|false&#8220; box_shadow_style=&#8220;preset1&#8243; box_shadow_blur=&#8220;16px&#8220; global_colors_info=&#8220;{}&#8220;][et_pb_column type=&#8220;1_2&#8243; _builder_version=&#8220;4.22.1&#8243; _module_preset=&#8220;default&#8220; custom_padding=&#8220;0px|||0px|false|false&#8220; global_colors_info=&#8220;{}&#8220;][et_pb_nextend_smart_slider_3 slider=&#8220;11&#8243; _builder_version=&#8220;4.22.1&#8243; _module_preset=&#8220;default&#8220; global_colors_info=&#8220;{}&#8220;][\/et_pb_nextend_smart_slider_3][\/et_pb_column][et_pb_column type=&#8220;1_2&#8243; _builder_version=&#8220;4.22.0&#8243; _module_preset=&#8220;default&#8220; global_colors_info=&#8220;{}&#8220;][et_pb_text _builder_version=&#8220;4.22.1&#8243; _module_preset=&#8220;default&#8220; text_font_size=&#8220;15px&#8220; text_line_height=&#8220;1.4em&#8220; header_2_font=&#8220;STIX Two Text||||||||&#8220; header_2_text_color=&#8220;#81898d&#8220; custom_margin=&#8220;3vw|3vw||3vw|false|false&#8220; global_colors_info=&#8220;{}&#8220;]<\/p>\n<h2>Trojka<\/h2>\n<p><span><\/span>Tento men\u0161\u00ed dvoul\u016f\u017ekov\u00fd pokoj\u00ed\u010dek s odd\u011blen\u00fdmi postelemi je v\u00fdbornou volbou pro platonick\u00e9 p\u00e1ry \u010di bl\u00edzk\u00e9 p\u0159\u00e1tele. Kv\u011btinov\u00fd dekor s lad\u00edc\u00edmi dopl\u0148ky proz\u00e1\u0159\u00ed va\u0161i spole\u010dnou dovolenou.<\/p>\n<p>&nbsp;<\/p>\n<ul>\n<li>Dv\u011b odd\u011blen\u00e9 postele<\/li>\n<li>Koupelna se sprchov\u00fdm koutem<\/li>\n<li>Samostatn\u00e9 WC<\/li>\n<li>P\u0159eds\u00ed\u0148ka<\/li>\n<li>Televize<\/li>\n<li>Okna do silnice<\/li>\n<li>Bonus: zap\u016fj\u010den\u00ed pramice<\/li>\n<\/ul>\n<p>[\/et_pb_text][et_pb_button button_url=&#8220;https:\/\/hospodadubina.cz\/rezervace\/&#8220; button_text=&#8220;Rezervace&#8220; button_alignment=&#8220;right&#8220; _builder_version=&#8220;4.22.1&#8243; _module_preset=&#8220;default&#8220; custom_button=&#8220;on&#8220; button_text_size=&#8220;16px&#8220; button_text_color=&#8220;#FFFFFF&#8220; button_bg_color=&#8220;#a4bf9b&#8220; button_border_width=&#8220;0px&#8220; button_border_radius=&#8220;0px&#8220; global_colors_info=&#8220;{}&#8220;][\/et_pb_button][\/et_pb_column][\/et_pb_row][et_pb_row column_structure=&#8220;1_2,1_2&#8243; use_custom_gutter=&#8220;on&#8220; gutter_width=&#8220;1&#8243; _builder_version=&#8220;4.22.1&#8243; _module_preset=&#8220;default&#8220; background_color=&#8220;#FFFFFF&#8220; z_index=&#8220;10&#8243; width=&#8220;100%&#8220; custom_margin=&#8220;80px|auto||auto|false|false&#8220; custom_padding=&#8220;0px||10px|4px|false|false&#8220; box_shadow_style=&#8220;preset1&#8243; box_shadow_blur=&#8220;16px&#8220; global_colors_info=&#8220;{}&#8220;][et_pb_column type=&#8220;1_2&#8243; _builder_version=&#8220;4.22.1&#8243; _module_preset=&#8220;default&#8220; custom_padding=&#8220;0px|||0px|false|false&#8220; global_colors_info=&#8220;{}&#8220;][et_pb_nextend_smart_slider_3 slider=&#8220;12&#8243; _builder_version=&#8220;4.22.1&#8243; _module_preset=&#8220;default&#8220; global_colors_info=&#8220;{}&#8220;][\/et_pb_nextend_smart_slider_3][\/et_pb_column][et_pb_column type=&#8220;1_2&#8243; _builder_version=&#8220;4.22.0&#8243; _module_preset=&#8220;default&#8220; global_colors_info=&#8220;{}&#8220;][et_pb_text _builder_version=&#8220;4.22.1&#8243; _module_preset=&#8220;default&#8220; text_font_size=&#8220;15px&#8220; text_line_height=&#8220;1.4em&#8220; header_2_font=&#8220;STIX Two Text||||||||&#8220; header_2_text_color=&#8220;#81898d&#8220; custom_margin=&#8220;3vw|3vw||3vw|false|false&#8220; global_colors_info=&#8220;{}&#8220;]<\/p>\n<h2>\u010cty\u0159ka<\/h2>\n<p>T\u0159\u00edl\u016f\u017ekov\u00fd pokoj s odd\u011blen\u00fdmi postelemi a koupelnou v\u00ednov\u00e9 barvy zaru\u010d\u00ed pohodln\u00fd pobyt p\u0159\u00e1tel\u016fm \u010di men\u0161\u00ed rodince. Kochat se zde m\u016f\u017eete uklid\u0148uj\u00edc\u00edm v\u00fdhledem na cestu.<\/p>\n<p>&nbsp;<\/p>\n<ul>\n<li>T\u0159i samostatn\u00e1 l\u016f\u017eka<\/li>\n<li>Mo\u017enost p\u0159ist\u00fdlky<\/li>\n<li>Vlastn\u00ed koupelna (WC, sprcha)<\/li>\n<li>Televize<\/li>\n<li>Okna k cest\u011b<\/li>\n<li>Bonus: zap\u016fj\u010den\u00ed pramice<\/li>\n<\/ul>\n<p>[\/et_pb_text][et_pb_button button_url=&#8220;https:\/\/hospodadubina.cz\/rezervace\/&#8220; button_text=&#8220;Rezervace&#8220; button_alignment=&#8220;right&#8220; _builder_version=&#8220;4.22.1&#8243; _module_preset=&#8220;default&#8220; custom_button=&#8220;on&#8220; button_text_size=&#8220;16px&#8220; button_text_color=&#8220;#FFFFFF&#8220; button_bg_color=&#8220;#a4bf9b&#8220; button_border_width=&#8220;0px&#8220; button_border_radius=&#8220;0px&#8220; global_colors_info=&#8220;{}&#8220;][\/et_pb_button][\/et_pb_column][\/et_pb_row][et_pb_row column_structure=&#8220;1_2,1_2&#8243; use_custom_gutter=&#8220;on&#8220; gutter_width=&#8220;1&#8243; _builder_version=&#8220;4.22.1&#8243; _module_preset=&#8220;default&#8220; background_color=&#8220;#FFFFFF&#8220; z_index=&#8220;10&#8243; width=&#8220;100%&#8220; custom_margin=&#8220;80px|auto||auto|false|false&#8220; custom_padding=&#8220;0px||10px|4px|false|false&#8220; box_shadow_style=&#8220;preset1&#8243; box_shadow_blur=&#8220;16px&#8220; global_colors_info=&#8220;{}&#8220;][et_pb_column type=&#8220;1_2&#8243; _builder_version=&#8220;4.22.1&#8243; _module_preset=&#8220;default&#8220; custom_padding=&#8220;0px|||0px|false|false&#8220; global_colors_info=&#8220;{}&#8220;][et_pb_nextend_smart_slider_3 slider=&#8220;15&#8243; _builder_version=&#8220;4.22.1&#8243; _module_preset=&#8220;default&#8220; global_colors_info=&#8220;{}&#8220;][\/et_pb_nextend_smart_slider_3][\/et_pb_column][et_pb_column type=&#8220;1_2&#8243; _builder_version=&#8220;4.22.0&#8243; _module_preset=&#8220;default&#8220; global_colors_info=&#8220;{}&#8220;][et_pb_text _builder_version=&#8220;4.22.1&#8243; _module_preset=&#8220;default&#8220; text_font_size=&#8220;15px&#8220; text_line_height=&#8220;1.4em&#8220; header_2_font=&#8220;STIX Two Text||||||||&#8220; header_2_text_color=&#8220;#81898d&#8220; custom_margin=&#8220;3vw|3vw||3vw|false|false&#8220; global_colors_info=&#8220;{}&#8220;]<\/p>\n<h2>P\u011btka<\/h2>\n<p>Tento t\u0159\u00edl\u016f\u017ekov\u00fd pokoj je p\u0159\u00edmo strategick\u00fd k p\u0159\u00edm\u00e9mu pozorov\u00e1n\u00ed \u0159eky. Odsud v\u00e1m neproklouzne jedin\u00fd vod\u00e1k a nav\u00edc si v oran\u017eov\u011b lad\u011bn\u00e9 koupeln\u011b m\u016f\u017eete u\u017e\u00edt na\u0161i sprchovanu.<\/p>\n<p>&nbsp;<\/p>\n<ul>\n<li>T\u0159i samostatn\u00e1 l\u016f\u017eka<\/li>\n<li>Vlastn\u00ed koupelna (WC, sprchovana)<\/li>\n<li>P\u0159eds\u00ed\u0148ka<\/li>\n<li>Televize<\/li>\n<li>V\u00fdhled na \u0159eku<\/li>\n<li>Bonus: zap\u016fj\u010den\u00ed pramice<\/li>\n<\/ul>\n<p>[\/et_pb_text][et_pb_button button_url=&#8220;https:\/\/hospodadubina.cz\/rezervace\/&#8220; button_text=&#8220;Rezervace&#8220; button_alignment=&#8220;right&#8220; _builder_version=&#8220;4.22.1&#8243; _module_preset=&#8220;default&#8220; custom_button=&#8220;on&#8220; button_text_size=&#8220;16px&#8220; button_text_color=&#8220;#FFFFFF&#8220; button_bg_color=&#8220;#a4bf9b&#8220; button_border_width=&#8220;0px&#8220; button_border_radius=&#8220;0px&#8220; global_colors_info=&#8220;{}&#8220;][\/et_pb_button][\/et_pb_column][\/et_pb_row][et_pb_row column_structure=&#8220;1_2,1_2&#8243; use_custom_gutter=&#8220;on&#8220; gutter_width=&#8220;1&#8243; _builder_version=&#8220;4.22.1&#8243; _module_preset=&#8220;default&#8220; background_color=&#8220;#FFFFFF&#8220; z_index=&#8220;10&#8243; width=&#8220;100%&#8220; custom_margin=&#8220;80px|auto||auto|false|false&#8220; custom_padding=&#8220;0px||10px|4px|false|false&#8220; box_shadow_style=&#8220;preset1&#8243; box_shadow_blur=&#8220;16px&#8220; global_colors_info=&#8220;{}&#8220;][et_pb_column type=&#8220;1_2&#8243; _builder_version=&#8220;4.22.1&#8243; _module_preset=&#8220;default&#8220; custom_padding=&#8220;0px|||0px|false|false&#8220; global_colors_info=&#8220;{}&#8220;][et_pb_nextend_smart_slider_3 slider=&#8220;13&#8243; _builder_version=&#8220;4.22.1&#8243; _module_preset=&#8220;default&#8220; global_colors_info=&#8220;{}&#8220;][\/et_pb_nextend_smart_slider_3][\/et_pb_column][et_pb_column type=&#8220;1_2&#8243; _builder_version=&#8220;4.22.0&#8243; _module_preset=&#8220;default&#8220; global_colors_info=&#8220;{}&#8220;][et_pb_text _builder_version=&#8220;4.22.1&#8243; _module_preset=&#8220;default&#8220; text_font_size=&#8220;15px&#8220; text_line_height=&#8220;1.4em&#8220; header_2_font=&#8220;STIX Two Text||||||||&#8220; header_2_text_color=&#8220;#81898d&#8220; custom_margin=&#8220;3vw|3vw||3vw|false|false&#8220; global_colors_info=&#8220;{}&#8220;]<\/p>\n<h2>\u0160estka<\/h2>\n<p>Tento dvoul\u016f\u017ekov\u00fd pokoj s man\u017eelskou postel\u00ed zaru\u010d\u00ed dostatek komfortu pro komorn\u00ed dovolenou ve dvou. V\u00fdhled z okna v\u00e1s propoj\u00ed s autentickou atmosf\u00e9rou Dubiny a na sklenku v\u00edna m\u016f\u017eete v papu\u010d\u00edch.<\/p>\n<p>&nbsp;<\/p>\n<ul>\n<li>Man\u017eelsk\u00e1 postel<\/li>\n<li>Vlastn\u00ed koupelna (WC, sprcha)<\/li>\n<li>Televize<\/li>\n<li>Okna do silnice<\/li>\n<li>Bonus: zap\u016fj\u010den\u00ed pramice<\/li>\n<\/ul>\n<p>[\/et_pb_text][et_pb_button button_url=&#8220;https:\/\/hospodadubina.cz\/rezervace\/&#8220; button_text=&#8220;Rezervace&#8220; button_alignment=&#8220;right&#8220; _builder_version=&#8220;4.22.1&#8243; _module_preset=&#8220;default&#8220; custom_button=&#8220;on&#8220; button_text_size=&#8220;16px&#8220; button_text_color=&#8220;#FFFFFF&#8220; button_bg_color=&#8220;#a4bf9b&#8220; button_border_width=&#8220;0px&#8220; button_border_radius=&#8220;0px&#8220; global_colors_info=&#8220;{}&#8220;][\/et_pb_button][\/et_pb_column][\/et_pb_row][et_pb_row column_structure=&#8220;1_2,1_2&#8243; use_custom_gutter=&#8220;on&#8220; gutter_width=&#8220;1&#8243; _builder_version=&#8220;4.22.1&#8243; _module_preset=&#8220;default&#8220; background_color=&#8220;#FFFFFF&#8220; z_index=&#8220;10&#8243; width=&#8220;100%&#8220; custom_margin=&#8220;80px|auto||auto|false|false&#8220; custom_padding=&#8220;0px||10px|4px|false|false&#8220; box_shadow_style=&#8220;preset1&#8243; box_shadow_blur=&#8220;16px&#8220; global_colors_info=&#8220;{}&#8220;][et_pb_column type=&#8220;1_2&#8243; _builder_version=&#8220;4.22.1&#8243; _module_preset=&#8220;default&#8220; custom_padding=&#8220;0px|||0px|false|false&#8220; global_colors_info=&#8220;{}&#8220;][et_pb_nextend_smart_slider_3 slider=&#8220;14&#8243; _builder_version=&#8220;4.22.1&#8243; _module_preset=&#8220;default&#8220; global_colors_info=&#8220;{}&#8220;][\/et_pb_nextend_smart_slider_3][\/et_pb_column][et_pb_column type=&#8220;1_2&#8243; _builder_version=&#8220;4.22.0&#8243; _module_preset=&#8220;default&#8220; global_colors_info=&#8220;{}&#8220;][et_pb_text _builder_version=&#8220;4.22.1&#8243; _module_preset=&#8220;default&#8220; text_font_size=&#8220;15px&#8220; text_line_height=&#8220;1.4em&#8220; header_2_font=&#8220;STIX Two Text||||||||&#8220; header_2_text_color=&#8220;#81898d&#8220; custom_margin=&#8220;3vw|3vw||3vw|false|false&#8220; global_colors_info=&#8220;{}&#8220;]<\/p>\n<h2>Sedmi\u010dka<\/h2>\n<p>Tento pokoj se dv\u011bma l\u016f\u017eky, kter\u00e1 lze v p\u0159\u00edpad\u011b pot\u0159eby spojit, ocen\u00ed d\u00edky dominantn\u00edm muflon\u00edm trofej\u00edm nejen vyznava\u010di myslivosti. \u010c\u00e1ste\u010dn\u00fd v\u00fdhled na \u0159eku a tyrkysov\u00e1 koupelna v\u00e1m zaru\u010d\u00ed klidn\u00fd sp\u00e1nek.<\/p>\n<p>&nbsp;<\/p>\n<ul>\n<li>Dv\u011b l\u016f\u017eka, kter\u00e1 lze spojit<\/li>\n<li>Vlastn\u00ed koupelna (WC, sprcha)<\/li>\n<li>Televize, p\u0159eds\u00ed\u0148ka<\/li>\n<li>\u010c\u00e1ste\u010dn\u00fd v\u00fdhled na \u0159eku<\/li>\n<li>mo\u017enost p\u0159ist\u00fdlky<\/li>\n<li>Bonus: zap\u016fj\u010den\u00ed pramice<\/li>\n<\/ul>\n<p>[\/et_pb_text][et_pb_button button_url=&#8220;https:\/\/hospodadubina.cz\/rezervace\/&#8220; button_text=&#8220;Rezervace&#8220; button_alignment=&#8220;right&#8220; _builder_version=&#8220;4.22.1&#8243; _module_preset=&#8220;default&#8220; custom_button=&#8220;on&#8220; button_text_size=&#8220;16px&#8220; button_text_color=&#8220;#FFFFFF&#8220; button_bg_color=&#8220;#a4bf9b&#8220; button_border_width=&#8220;0px&#8220; button_border_radius=&#8220;0px&#8220; global_colors_info=&#8220;{}&#8220;][\/et_pb_button][\/et_pb_column][\/et_pb_row][\/et_pb_section]<\/p>\n","protected":false},"excerpt":{"rendered":"<p>PenzionS radost\u00ed v\u00e1s ubytujeme v jednom ze sedmi \u00fatuln\u00fdch, barvami hraj\u00edc\u00edch pokoj\u016f s vlastn\u00edm soci\u00e1ln\u00edm za\u0159\u00edzen\u00edm a televiz\u00ed. Pro chv\u00edle pohody na vod\u011b v\u00e1m nav\u00edc r\u00e1di zap\u016fj\u010d\u00edme pramici. K dispozici je tak\u00e9 sd\u00edlen\u00fd, pln\u011b vybaven\u00fd kuchy\u0148sk\u00fd kout na chodb\u011b. V hlavn\u00ed sez\u00f3n\u011b v\u00e1s pot\u011b\u0161\u00ed na\u0161e restaurace s celodenn\u00edm menu i mo\u017enost objedn\u00e1n\u00ed sn\u00eddan\u011b.\u00a0V mimosez\u00f3nn\u00edm obdob\u00ed [&hellip;]<\/p>\n","protected":false},"author":1,"featured_media":0,"parent":0,"menu_order":0,"comment_status":"closed","ping_status":"closed","template":"","meta":{"_et_pb_use_builder":"on","_et_pb_old_content":"","_et_gb_content_width":"","footnotes":""},"class_list":["post-21244817","page","type-page","status-publish","hentry"],"_links":{"self":[{"href":"https:\/\/hospodadubina.cz\/de\/wp-json\/wp\/v2\/pages\/21244817","targetHints":{"allow":["GET"]}}],"collection":[{"href":"https:\/\/hospodadubina.cz\/de\/wp-json\/wp\/v2\/pages"}],"about":[{"href":"https:\/\/hospodadubina.cz\/de\/wp-json\/wp\/v2\/types\/page"}],"author":[{"embeddable":true,"href":"https:\/\/hospodadubina.cz\/de\/wp-json\/wp\/v2\/users\/1"}],"replies":[{"embeddable":true,"href":"https:\/\/hospodadubina.cz\/de\/wp-json\/wp\/v2\/comments?post=21244817"}],"version-history":[{"count":1,"href":"https:\/\/hospodadubina.cz\/de\/wp-json\/wp\/v2\/pages\/21244817\/revisions"}],"predecessor-version":[{"id":21246032,"href":"https:\/\/hospodadubina.cz\/de\/wp-json\/wp\/v2\/pages\/21244817\/revisions\/21246032"}],"wp:attachment":[{"href":"https:\/\/hospodadubina.cz\/de\/wp-json\/wp\/v2\/media?parent=21244817"}],"curies":[{"name":"wp","href":"https:\/\/api.w.org\/{rel}","templated":true}]}}