{"id":21245454,"date":"2023-09-18T10:00:59","date_gmt":"2023-09-18T10:00:59","guid":{"rendered":"https:\/\/www.hospodadubina.cz\/?page_id=21245454"},"modified":"2023-10-18T00:20:53","modified_gmt":"2023-10-18T00:20:53","slug":"pro-vas","status":"publish","type":"page","link":"https:\/\/hospodadubina.cz\/de\/pro-vas\/","title":{"rendered":"F\u00fcr Sie"},"content":{"rendered":"<p>[et_pb_section fb_built=&#8220;1&#8243; _builder_version=&#8220;4.22.0&#8243; _module_preset=&#8220;default&#8220; background_color=&#8220;#f0ede6&#8243; global_colors_info=&#8220;{}&#8220;][et_pb_row _builder_version=&#8220;4.22.1&#8243; _module_preset=&#8220;default&#8220; positioning=&#8220;none&#8220; position_origin_a=&#8220;top_center&#8220; vertical_offset=&#8220;260px&#8220; horizontal_offset=&#8220;0px&#8220; width_tablet=&#8220;&#8220; width_phone=&#8220;100%&#8220; width_last_edited=&#8220;on|phone&#8220; custom_margin=&#8220;||||false|false&#8220; scroll_fade=&#8220;0|25|25|57|0|100|74%&#8220; global_colors_info=&#8220;{}&#8220;][et_pb_column type=&#8220;4_4&#8243; _builder_version=&#8220;4.22.1&#8243; _module_preset=&#8220;default&#8220; global_colors_info=&#8220;{}&#8220;][et_pb_text _builder_version=&#8220;4.22.2&#8243; _module_preset=&#8220;default&#8220; text_text_color=&#8220;#81898d&#8220; text_font_size=&#8220;25px&#8220; text_line_height=&#8220;1.3em&#8220; header_2_font=&#8220;STIX Two Text||||||||&#8220; header_2_text_color=&#8220;#81898d&#8220; header_2_line_height=&#8220;0.9em&#8220; text_orientation=&#8220;justified&#8220; custom_margin=&#8220;6vw||||false|false&#8220; custom_margin_tablet=&#8220;6vw||||false|false&#8220; custom_margin_phone=&#8220;6vw||||false|false&#8220; custom_margin_last_edited=&#8220;on|desktop&#8220; custom_padding=&#8220;42px|13vw||13vw|false|true&#8220; header_2_font_size_tablet=&#8220;&#8220; header_2_font_size_phone=&#8220;23px&#8220; header_2_font_size_last_edited=&#8220;on|phone&#8220; global_colors_info=&#8220;{}&#8220;]<\/p>\n<h2 style=\"text-align: center;\">Dubinu tvo\u0159\u00edme s l\u00e1skou a preciznost\u00ed<\/h2>\n<h2 style=\"text-align: center;\">a stejn\u011b tak p\u0159istupujeme i k na\u0161im host\u016fm.<\/h2>\n<p>&nbsp;<\/p>\n<h2 style=\"text-align: center;\">V\u00e1\u017e\u00edme si va\u0161\u00ed p\u0159\u00edzn\u011b a m\u00e1me radost, \u017ee se k n\u00e1m vrac\u00edte.<\/h2>\n<div id=\"gtx-trans\" style=\"position: absolute; left: 275px; top: 270px;\">\n<div class=\"gtx-trans-icon\"><\/div>\n<\/div>\n<p>[\/et_pb_text][et_pb_image src=&#8220;https:\/\/hospodadubina.cz\/wp-content\/uploads\/2023\/09\/list_pro-vas-180&#215;300.png&#8220; title_text=&#8220;list_pro-vas&#8220; _builder_version=&#8220;4.22.1&#8243; _module_preset=&#8220;default&#8220; positioning=&#8220;fixed&#8220; position_origin_f=&#8220;top_right&#8220; vertical_offset=&#8220;-5px&#8220; width_tablet=&#8220;&#8220; width_phone=&#8220;13%&#8220; width_last_edited=&#8220;on|phone&#8220; max_width_tablet=&#8220;&#8220; max_width_phone=&#8220;100%&#8220; max_width_last_edited=&#8220;on|phone&#8220; min_height_tablet=&#8220;&#8220; min_height_phone=&#8220;&#8220; min_height_last_edited=&#8220;on|phone&#8220; global_colors_info=&#8220;{}&#8220;][\/et_pb_image][\/et_pb_column][\/et_pb_row][\/et_pb_section][et_pb_section fb_built=&#8220;1&#8243; _builder_version=&#8220;4.22.1&#8243; _module_preset=&#8220;default&#8220; background_color=&#8220;#dbd2c3&#8243; z_index=&#8220;39&#8243; locked=&#8220;off&#8220; global_colors_info=&#8220;{}&#8220;][et_pb_row column_structure=&#8220;1_2,1_2&#8243; module_id=&#8220;pro-vodaky&#8220; _builder_version=&#8220;4.22.1&#8243; _module_preset=&#8220;default&#8220; width_tablet=&#8220;&#8220; width_phone=&#8220;100%&#8220; width_last_edited=&#8220;on|phone&#8220; global_colors_info=&#8220;{}&#8220;][et_pb_column type=&#8220;1_2&#8243; _builder_version=&#8220;4.22.0&#8243; _module_preset=&#8220;default&#8220; global_colors_info=&#8220;{}&#8220;][et_pb_text _builder_version=&#8220;4.22.1&#8243; _module_preset=&#8220;default&#8220; text_font=&#8220;STIX Two Text||||||||&#8220; text_text_color=&#8220;#81898d&#8220; text_font_size=&#8220;56px&#8220; header_2_font=&#8220;STIX Two Text||||||||&#8220; header_2_text_color=&#8220;gcid-610a872e-2b8e-4ec1-a657-c65568daa012&#8243; header_2_font_size=&#8220;56px&#8220; module_alignment=&#8220;center&#8220; custom_margin=&#8220;|||0vw|false|false&#8220; custom_padding=&#8220;2vw||0vw|5vw|false|false&#8220; locked=&#8220;off&#8220; global_colors_info=&#8220;{%22gcid-610a872e-2b8e-4ec1-a657-c65568daa012%22:%91%22header_2_text_color%22%93}&#8220;]<\/p>\n<p style=\"text-align: left;\">Pro vod\u00e1ky<\/p>\n<p>[\/et_pb_text][et_pb_image src=&#8220;https:\/\/hospodadubina.cz\/wp-content\/uploads\/2023\/08\/listy-346&#215;1024.png&#8220; title_text=&#8220;listy&#8220; _builder_version=&#8220;4.22.0&#8243; _module_preset=&#8220;default&#8220; transform_rotate=&#8220;1deg|358deg|31deg&#8220; positioning=&#8220;absolute&#8220; vertical_offset=&#8220;-236px&#8220; horizontal_offset=&#8220;-448px&#8220; z_index=&#8220;-4&#8243; width=&#8220;66%&#8220; global_colors_info=&#8220;{}&#8220;][\/et_pb_image][\/et_pb_column][et_pb_column type=&#8220;1_2&#8243; _builder_version=&#8220;4.22.1&#8243; _module_preset=&#8220;default&#8220; global_colors_info=&#8220;{}&#8220;][et_pb_text _builder_version=&#8220;4.22.2&#8243; _module_preset=&#8220;default&#8220; text_text_color=&#8220;#81898d&#8220; text_font_size=&#8220;15px&#8220; text_line_height=&#8220;1.6em&#8220; text_orientation=&#8220;justified&#8220; custom_margin=&#8220;0vw||||false|false&#8220; custom_padding_tablet=&#8220;&#8220; custom_padding_phone=&#8220;|5vw||5vw|false|true&#8220; custom_padding_last_edited=&#8220;on|phone&#8220; global_colors_info=&#8220;{}&#8220;]<\/p>\n<p>Se svou polohou na 163 \u0159\u00ed\u010dn\u00edm kilometru pat\u0159\u00ed Dubina k nejkr\u00e1sn\u011bj\u0161\u00edm a nejvyhled\u00e1van\u011bj\u0161\u00edm \u00fasek\u016fm Oh\u0159e. Ve vrcholn\u00e9 sez\u00f3n\u011b je tu \u017eivo. K ubytov\u00e1n\u00ed m\u00e1te k dispozici dv\u011b odd\u011blen\u00e1 t\u00e1bo\u0159i\u0161t\u011b \u010di nouzov\u00fd vod\u00e1ck\u00fd pokoj. M\u016f\u017eete si u n\u00e1s zap\u016fj\u010dit nebo naopak bezplatn\u011b vr\u00e1tit lo\u010f spole\u010dnosti <a href=\"https:\/\/ohre.dronte.cz\/cs\" target=\"_blank\" rel=\"noopener\"><span style=\"color: #3366ff;\">Dronte<\/span>,<\/a>\u00a0nebo vyu\u017e\u00edt slu\u017eeb uschov\u00e1n\u00ed lod\u00ed dal\u0161\u00edch p\u016fj\u010doven. Zde najdete <span style=\"color: #3366ff;\"><a href=\"https:\/\/www.vodackanavigace.cz\/ohre-hospoda-a-taboriste-dubina?detailid=4354\" target=\"_blank\" rel=\"noopener\" style=\"color: #3366ff;\">aktu\u00e1ln\u00ed sj\u00edzdnost<\/a><\/span>\u00a0 a o\u010dek\u00e1vanou <span style=\"color: #3366ff;\"><a href=\"https:\/\/meteobox.cz\/dubina\/dlouhodoba-predpoved\/\" target=\"_blank\" rel=\"noopener\" style=\"color: #3366ff;\">p\u0159edpov\u011b\u010f po\u010das\u00ed<\/a><\/span>.<\/p>\n<p>[\/et_pb_text][\/et_pb_column][\/et_pb_row][et_pb_row _builder_version=&#8220;4.22.1&#8243; _module_preset=&#8220;default&#8220; width=&#8220;100%&#8220; max_width_tablet=&#8220;&#8220; max_width_phone=&#8220;&#8220; max_width_last_edited=&#8220;on|phone&#8220; global_colors_info=&#8220;{}&#8220;][et_pb_column type=&#8220;4_4&#8243; _builder_version=&#8220;4.22.1&#8243; _module_preset=&#8220;default&#8220; global_colors_info=&#8220;{}&#8220;][et_pb_image src=&#8220;https:\/\/hospodadubina.cz\/wp-content\/uploads\/2023\/09\/1200x400_pro-vodaky-kopie-2.webp&#8220; _builder_version=&#8220;4.22.1&#8243; _module_preset=&#8220;default&#8220; global_colors_info=&#8220;{}&#8220;][\/et_pb_image][\/et_pb_column][\/et_pb_row][\/et_pb_section][et_pb_section fb_built=&#8220;1&#8243; _builder_version=&#8220;4.22.1&#8243; _module_preset=&#8220;default&#8220; background_color=&#8220;#b6a385&#8243; z_index=&#8220;39&#8243; locked=&#8220;off&#8220; global_colors_info=&#8220;{}&#8220;][et_pb_row column_structure=&#8220;1_2,1_2&#8243; module_id=&#8220;pro-rybare&#8220; _builder_version=&#8220;4.22.1&#8243; _module_preset=&#8220;default&#8220; width_tablet=&#8220;&#8220; width_phone=&#8220;100%&#8220; width_last_edited=&#8220;on|phone&#8220; global_colors_info=&#8220;{}&#8220;][et_pb_column type=&#8220;1_2&#8243; _builder_version=&#8220;4.22.0&#8243; _module_preset=&#8220;default&#8220; global_colors_info=&#8220;{}&#8220;][et_pb_text _builder_version=&#8220;4.22.1&#8243; _module_preset=&#8220;default&#8220; header_2_font=&#8220;STIX Two Text||||||||&#8220; header_2_text_color=&#8220;gcid-610a872e-2b8e-4ec1-a657-c65568daa012&#8243; header_2_font_size=&#8220;56px&#8220; module_alignment=&#8220;center&#8220; custom_margin=&#8220;|||0vw|false|false&#8220; custom_padding=&#8220;0vw||0vw|5vw|false|false&#8220; locked=&#8220;off&#8220; global_colors_info=&#8220;{%22gcid-610a872e-2b8e-4ec1-a657-c65568daa012%22:%91%22header_2_text_color%22%93}&#8220;]<\/p>\n<h2 style=\"text-align: left;\">Pro ryb\u00e1\u0159e a myslivce<\/h2>\n<p>[\/et_pb_text][\/et_pb_column][et_pb_column type=&#8220;1_2&#8243; _builder_version=&#8220;4.22.1&#8243; _module_preset=&#8220;default&#8220; global_colors_info=&#8220;{}&#8220;][et_pb_text _builder_version=&#8220;4.22.1&#8243; _module_preset=&#8220;default&#8220; text_text_color=&#8220;#f0ede6&#8243; text_font_size=&#8220;15px&#8220; text_line_height=&#8220;1.6em&#8220; text_orientation=&#8220;justified&#8220; custom_margin=&#8220;0vw||||false|false&#8220; custom_padding=&#8220;|5vw||5vw|false|true&#8220; global_colors_info=&#8220;{}&#8220;]<\/p>\n<p>Zku\u0161en\u00fd ryb\u00e1\u0159 u n\u00e1s m\u016f\u017ee nahazovat p\u0159\u00edmo z restaura\u010dn\u00ed terasy nad \u0159ekou. T\u011bm klidn\u011bj\u0161\u00edm nab\u00edz\u00edme z\u00e1zem\u00ed odpo\u010dinkov\u00e9 z\u00f3ny \u010di zap\u016fj\u010den\u00ed pramice pro p\u0159\u00edm\u00fd kontakt s \u0159ekou. Vyznava\u010di myslivosti jist\u011b ocen\u00ed v\u00fdhodnou polohu na\u0161eho penzi\u00f3nu v t\u011bsn\u00e9 bl\u00edzkosti panensk\u00fdch Doupovsk\u00fdch hor a hojnost lovn\u00e9 zv\u011b\u0159e v okoln\u00edch les\u00edch.<\/p>\n<p>[\/et_pb_text][\/et_pb_column][\/et_pb_row][et_pb_row _builder_version=&#8220;4.22.1&#8243; _module_preset=&#8220;default&#8220; width_tablet=&#8220;&#8220; width_phone=&#8220;100%&#8220; width_last_edited=&#8220;on|phone&#8220; global_colors_info=&#8220;{}&#8220;][et_pb_column type=&#8220;4_4&#8243; _builder_version=&#8220;4.22.1&#8243; _module_preset=&#8220;default&#8220; global_colors_info=&#8220;{}&#8220;][et_pb_image src=&#8220;https:\/\/hospodadubina.cz\/wp-content\/uploads\/2023\/09\/1200x400_pro-rybarey-kopie-2.webp&#8220; _builder_version=&#8220;4.22.1&#8243; _module_preset=&#8220;default&#8220; global_colors_info=&#8220;{}&#8220;][\/et_pb_image][\/et_pb_column][\/et_pb_row][\/et_pb_section][et_pb_section fb_built=&#8220;1&#8243; _builder_version=&#8220;4.22.1&#8243; _module_preset=&#8220;default&#8220; background_color=&#8220;#dbd2c3&#8243; z_index=&#8220;39&#8243; locked=&#8220;off&#8220; global_colors_info=&#8220;{}&#8220;][et_pb_row column_structure=&#8220;1_2,1_2&#8243; module_id=&#8220;pro-turisty&#8220; _builder_version=&#8220;4.22.1&#8243; _module_preset=&#8220;default&#8220; width_tablet=&#8220;&#8220; width_phone=&#8220;100%&#8220; width_last_edited=&#8220;on|phone&#8220; global_colors_info=&#8220;{}&#8220;][et_pb_column type=&#8220;1_2&#8243; _builder_version=&#8220;4.22.0&#8243; _module_preset=&#8220;default&#8220; global_colors_info=&#8220;{}&#8220;][et_pb_text _builder_version=&#8220;4.22.1&#8243; _module_preset=&#8220;default&#8220; text_font=&#8220;STIX Two Text||||||||&#8220; text_text_color=&#8220;#81898d&#8220; text_font_size=&#8220;56px&#8220; header_2_font=&#8220;STIX Two Text||||||||&#8220; header_2_text_color=&#8220;gcid-610a872e-2b8e-4ec1-a657-c65568daa012&#8243; header_2_font_size=&#8220;56px&#8220; module_alignment=&#8220;center&#8220; custom_margin=&#8220;|||0vw|false|false&#8220; custom_padding=&#8220;2vw||0vw|5vw|false|false&#8220; locked=&#8220;off&#8220; global_colors_info=&#8220;{%22gcid-610a872e-2b8e-4ec1-a657-c65568daa012%22:%91%22header_2_text_color%22%93}&#8220;]<\/p>\n<p style=\"text-align: left;\">Pro turisty<\/p>\n<p>[\/et_pb_text][\/et_pb_column][et_pb_column type=&#8220;1_2&#8243; _builder_version=&#8220;4.22.1&#8243; _module_preset=&#8220;default&#8220; global_colors_info=&#8220;{}&#8220;][et_pb_text _builder_version=&#8220;4.22.2&#8243; _module_preset=&#8220;default&#8220; text_text_color=&#8220;#81898d&#8220; text_font_size=&#8220;15px&#8220; text_line_height=&#8220;1.6em&#8220; text_orientation=&#8220;justified&#8220; custom_margin=&#8220;0vw||||false|false&#8220; custom_padding_tablet=&#8220;&#8220; custom_padding_phone=&#8220;|5vw||5vw|false|true&#8220; custom_padding_last_edited=&#8220;on|phone&#8220; hover_enabled=&#8220;0&#8243; global_colors_info=&#8220;{}&#8220; sticky_enabled=&#8220;0&#8243;]<\/p>\n<p>Dubina le\u017e\u00ed na rozcestn\u00edku turistick\u00fdch tras v dosahu Doupovsk\u00fdch hor, Kru\u0161n\u00fdch hor a Karlov\u00fdch Var\u016f. Pohorky m\u016f\u017eete nazout p\u0159\u00edmo v pokoji a vydat se na pr\u016fzkum nejbli\u017e\u0161\u00edch klenot\u016f, mezi kter\u00e9 pat\u0159\u00ed v\u00e1pencov\u00e9 jeskyn\u011b <span style=\"color: #3366ff;\"><a href=\"https:\/\/www.kudyznudy.cz\/aktivity\/skalky-skritku-u-karlovych-varu\" target=\"_blank\" rel=\"noopener\" style=\"color: #3366ff;\">Skalky sk\u0159\u00edtk\u016f<\/a><\/span>,<span style=\"color: #3366ff;\"> <a href=\"https:\/\/www.kudyznudy.cz\/aktivity\/mattoniho-rozhledna-na-bucine-u-kyselky\" target=\"_blank\" rel=\"noopener\" style=\"color: #3366ff;\">rozhledna Bu\u010diny<\/a><\/span>, obec <span style=\"color: #3366ff;\"><a href=\"https:\/\/www.kudyznudy.cz\/aktivity\/mattoniho-lazne-kyselka\" target=\"_blank\" rel=\"noopener\" style=\"color: #3366ff;\">Kyselka<\/a><\/span>, <span style=\"color: #3366ff;\"><a href=\"https:\/\/www.kudyznudy.cz\/aktivity\/radosovsky-dreveny-most-pres-ohri\" target=\"_blank\" rel=\"noopener\" style=\"color: #3366ff;\">Rado\u0161ovsk\u00fd most<\/a><\/span>, <span style=\"color: #3366ff;\"><a href=\"https:\/\/www.kudyznudy.cz\/aktivity\/prirodni-pamatka-olsova-vrata-semnicka-skala\" target=\"_blank\" rel=\"noopener\" style=\"color: #3366ff;\">\u0160emnick\u00e1 sk\u00e1la<\/a><\/span> \u010di z\u0159\u00edcenina <span style=\"color: #3366ff;\"><a href=\"https:\/\/www.kudyznudy.cz\/aktivity\/zricenina-hradu-andelska-hora\" target=\"_blank\" rel=\"noopener\" style=\"color: #3366ff;\">And\u011blsk\u00e1 Hora<\/a><\/span>.<\/p>\n<p>[\/et_pb_text][\/et_pb_column][\/et_pb_row][et_pb_row _builder_version=&#8220;4.22.1&#8243; _module_preset=&#8220;default&#8220; width_tablet=&#8220;&#8220; width_phone=&#8220;100%&#8220; width_last_edited=&#8220;on|phone&#8220; global_colors_info=&#8220;{}&#8220;][et_pb_column type=&#8220;4_4&#8243; _builder_version=&#8220;4.22.1&#8243; _module_preset=&#8220;default&#8220; global_colors_info=&#8220;{}&#8220;][et_pb_image src=&#8220;https:\/\/hospodadubina.cz\/wp-content\/uploads\/2023\/09\/1200&#215;400-pro-turisty.webp&#8220; _builder_version=&#8220;4.22.1&#8243; _module_preset=&#8220;default&#8220; global_colors_info=&#8220;{}&#8220;][\/et_pb_image][\/et_pb_column][\/et_pb_row][\/et_pb_section][et_pb_section fb_built=&#8220;1&#8243; _builder_version=&#8220;4.22.1&#8243; _module_preset=&#8220;default&#8220; background_color=&#8220;#b6a385&#8243; z_index=&#8220;39&#8243; locked=&#8220;off&#8220; global_colors_info=&#8220;{}&#8220;][et_pb_row column_structure=&#8220;1_2,1_2&#8243; _builder_version=&#8220;4.22.1&#8243; _module_preset=&#8220;default&#8220; width_tablet=&#8220;&#8220; width_phone=&#8220;100%&#8220; width_last_edited=&#8220;on|phone&#8220; global_colors_info=&#8220;{}&#8220;][et_pb_column type=&#8220;1_2&#8243; _builder_version=&#8220;4.22.0&#8243; _module_preset=&#8220;default&#8220; global_colors_info=&#8220;{}&#8220;][et_pb_text module_id=&#8220;pro-cyklisty&#8220; _builder_version=&#8220;4.22.1&#8243; _module_preset=&#8220;default&#8220; header_2_font=&#8220;STIX Two Text||||||||&#8220; header_2_text_color=&#8220;gcid-610a872e-2b8e-4ec1-a657-c65568daa012&#8243; header_2_font_size=&#8220;56px&#8220; module_alignment=&#8220;center&#8220; custom_margin=&#8220;|||0vw|false|false&#8220; custom_padding=&#8220;2vw||0vw|5vw|false|false&#8220; locked=&#8220;off&#8220; global_colors_info=&#8220;{%22gcid-610a872e-2b8e-4ec1-a657-c65568daa012%22:%91%22header_2_text_color%22%93}&#8220;]<\/p>\n<h2 style=\"text-align: left;\">Pro cyklisty<\/h2>\n<p>[\/et_pb_text][\/et_pb_column][et_pb_column type=&#8220;1_2&#8243; _builder_version=&#8220;4.22.1&#8243; _module_preset=&#8220;default&#8220; global_colors_info=&#8220;{}&#8220;][et_pb_text _builder_version=&#8220;4.22.1&#8243; _module_preset=&#8220;default&#8220; text_text_color=&#8220;#f0ede6&#8243; text_font_size=&#8220;15px&#8220; text_line_height=&#8220;1.6em&#8220; text_orientation=&#8220;justified&#8220; custom_margin=&#8220;0vw||||false|false&#8220; custom_padding_tablet=&#8220;&#8220; custom_padding_phone=&#8220;|5vw||5vw|false|true&#8220; custom_padding_last_edited=&#8220;on|phone&#8220; global_colors_info=&#8220;{}&#8220;]<\/p>\n<p>Krom\u011b va\u0161eho pohodl\u00ed mysl\u00edme tak\u00e9 na komfort va\u0161ich kol. K dispozici je v\u00e1m uzamykateln\u00e1 kol\u00e1rna s dob\u00edjec\u00ed z\u00e1suvkou a z\u00e1kladn\u00edm cyklo n\u00e1\u0159ad\u00edm, a pokud k n\u00e1m zav\u00edt\u00e1te nalehko, m\u016f\u017eete si dv\u011b elektrokola zap\u016fj\u010dit. Dubina le\u017e\u00ed na k\u0159i\u017eovatce kr\u00e1sn\u00fdch cyklotras na pomez\u00ed Doupovsk\u00fdch hor, Kru\u0161n\u00fdch hor a Slavkovsk\u00e9ho lesa a na sv\u00e9 si u n\u00e1s p\u0159ijdou jak milovn\u00edci silni\u010dn\u00ed cyklistiky, tak ter\u00e9\u0148\u00e1ci.<\/p>\n<p>[\/et_pb_text][\/et_pb_column][\/et_pb_row][et_pb_row _builder_version=&#8220;4.22.1&#8243; _module_preset=&#8220;default&#8220; width_tablet=&#8220;&#8220; width_phone=&#8220;100%&#8220; width_last_edited=&#8220;on|phone&#8220; global_colors_info=&#8220;{}&#8220;][et_pb_column type=&#8220;4_4&#8243; _builder_version=&#8220;4.22.1&#8243; _module_preset=&#8220;default&#8220; global_colors_info=&#8220;{}&#8220;][et_pb_image src=&#8220;https:\/\/hospodadubina.cz\/wp-content\/uploads\/2023\/09\/pro-cyklisty.webp&#8220; title_text=&#8220;pro-cyklisty&#8220; _builder_version=&#8220;4.22.1&#8243; _module_preset=&#8220;default&#8220; z_index=&#8220;0&#8243; width=&#8220;100%&#8220; custom_margin=&#8220;||14px||false|false&#8220; global_colors_info=&#8220;{}&#8220;][\/et_pb_image][\/et_pb_column][\/et_pb_row][\/et_pb_section]<\/p>\n","protected":false},"excerpt":{"rendered":"<p>Dubinu tvo\u0159\u00edme s l\u00e1skou a preciznost\u00ed a stejn\u011b tak p\u0159istupujeme i k na\u0161im host\u016fm. &nbsp; V\u00e1\u017e\u00edme si va\u0161\u00ed p\u0159\u00edzn\u011b a m\u00e1me radost, \u017ee se k n\u00e1m vrac\u00edte. Pro vod\u00e1kySe svou polohou na 163 \u0159\u00ed\u010dn\u00edm kilometru pat\u0159\u00ed Dubina k nejkr\u00e1sn\u011bj\u0161\u00edm a nejvyhled\u00e1van\u011bj\u0161\u00edm \u00fasek\u016fm Oh\u0159e. Ve vrcholn\u00e9 sez\u00f3n\u011b je tu \u017eivo. K ubytov\u00e1n\u00ed m\u00e1te k dispozici dv\u011b [&hellip;]<\/p>\n","protected":false},"author":1,"featured_media":0,"parent":0,"menu_order":0,"comment_status":"closed","ping_status":"closed","template":"","meta":{"_et_pb_use_builder":"on","_et_pb_old_content":"","_et_gb_content_width":"","footnotes":""},"class_list":["post-21245454","page","type-page","status-publish","hentry"],"_links":{"self":[{"href":"https:\/\/hospodadubina.cz\/de\/wp-json\/wp\/v2\/pages\/21245454","targetHints":{"allow":["GET"]}}],"collection":[{"href":"https:\/\/hospodadubina.cz\/de\/wp-json\/wp\/v2\/pages"}],"about":[{"href":"https:\/\/hospodadubina.cz\/de\/wp-json\/wp\/v2\/types\/page"}],"author":[{"embeddable":true,"href":"https:\/\/hospodadubina.cz\/de\/wp-json\/wp\/v2\/users\/1"}],"replies":[{"embeddable":true,"href":"https:\/\/hospodadubina.cz\/de\/wp-json\/wp\/v2\/comments?post=21245454"}],"version-history":[{"count":2,"href":"https:\/\/hospodadubina.cz\/de\/wp-json\/wp\/v2\/pages\/21245454\/revisions"}],"predecessor-version":[{"id":21245864,"href":"https:\/\/hospodadubina.cz\/de\/wp-json\/wp\/v2\/pages\/21245454\/revisions\/21245864"}],"wp:attachment":[{"href":"https:\/\/hospodadubina.cz\/de\/wp-json\/wp\/v2\/media?parent=21245454"}],"curies":[{"name":"wp","href":"https:\/\/api.w.org\/{rel}","templated":true}]}}