{"id":21244941,"date":"2023-09-01T08:59:30","date_gmt":"2023-09-01T08:59:30","guid":{"rendered":"https:\/\/www.hospodadubina.cz\/?page_id=21244941"},"modified":"2026-04-08T17:42:15","modified_gmt":"2026-04-08T17:42:15","slug":"hospoda","status":"publish","type":"page","link":"https:\/\/hospodadubina.cz\/en\/hospoda\/","title":{"rendered":"Pub"},"content":{"rendered":"<p>[et_pb_section fb_built=&#8220;1&#8243; _builder_version=&#8220;4.22.1&#8243; _module_preset=&#8220;default&#8220; background_color=&#8220;#dbd2c3&#8243; global_colors_info=&#8220;{}&#8220;][et_pb_row _builder_version=&#8220;4.22.1&#8243; _module_preset=&#8220;default&#8220; background_color=&#8220;RGBA(255,255,255,0)&#8220; positioning=&#8220;none&#8220; position_origin_f=&#8220;top_center&#8220; vertical_offset=&#8220;84px&#8220; z_index=&#8220;3&#8243; custom_margin=&#8220;||-4vw||false|false&#8220; global_colors_info=&#8220;{}&#8220;][et_pb_column type=&#8220;4_4&#8243; _builder_version=&#8220;4.22.0&#8243; _module_preset=&#8220;default&#8220; global_colors_info=&#8220;{}&#8220;][et_pb_text _builder_version=&#8220;4.22.2&#8243; _module_preset=&#8220;default&#8220; header_2_font=&#8220;STIX Two Text||||||||&#8220; header_2_text_align=&#8220;center&#8220; header_2_text_color=&#8220;#f0ede6&#8243; header_2_font_size=&#8220;13vw&#8220; background_color=&#8220;RGBA(255,255,255,0)&#8220; position_origin_f=&#8220;top_center&#8220; vertical_offset=&#8220;60px&#8220; z_index=&#8220;100&#8243; custom_margin=&#8220;6vw||||false|false&#8220; custom_margin_tablet=&#8220;6vw||||false|false&#8220; custom_margin_phone=&#8220;6vw||||false|false&#8220; custom_margin_last_edited=&#8220;on|desktop&#8220; global_colors_info=&#8220;{}&#8220;]<\/p>\n<h2>Hospoda<\/h2>\n<p>[\/et_pb_text][et_pb_image src=&#8220;https:\/\/hospodadubina.cz\/wp-content\/uploads\/2023\/09\/listy_restaurace-kopie-177&#215;300.webp&#8220; _builder_version=&#8220;4.22.2&#8243; _module_preset=&#8220;default&#8220; positioning=&#8220;fixed&#8220; position_origin_f=&#8220;top_right&#8220; vertical_offset=&#8220;72px&#8220; horizontal_offset=&#8220;-7px&#8220; filter_opacity=&#8220;55%&#8220; filter_opacity_tablet=&#8220;55%&#8220; filter_opacity_phone=&#8220;10%&#8220; filter_opacity_last_edited=&#8220;on|phone&#8220; global_colors_info=&#8220;{}&#8220;][\/et_pb_image][et_pb_image src=&#8220;https:\/\/hospodadubina.cz\/wp-content\/uploads\/2023\/09\/listy_restaurace2.webp&#8220; _builder_version=&#8220;4.22.2&#8243; _module_preset=&#8220;default&#8220; positioning=&#8220;fixed&#8220; vertical_offset=&#8220;96px&#8220; horizontal_offset=&#8220;-62px&#8220; height=&#8220;520px&#8220; max_height=&#8220;10800px&#8220; filter_opacity=&#8220;41%&#8220; filter_brightness_tablet=&#8220;&#8220; filter_brightness_phone=&#8220;&#8220; filter_brightness_last_edited=&#8220;on|phone&#8220; filter_opacity_tablet=&#8220;41%&#8220; filter_opacity_phone=&#8220;10%&#8220; filter_opacity_last_edited=&#8220;on|phone&#8220; global_colors_info=&#8220;{}&#8220;][\/et_pb_image][\/et_pb_column][\/et_pb_row][et_pb_row _builder_version=&#8220;4.22.2&#8243; _module_preset=&#8220;default&#8220; positioning=&#8220;none&#8220; position_origin_a=&#8220;top_center&#8220; vertical_offset=&#8220;260px&#8220; horizontal_offset=&#8220;0px&#8220; width=&#8220;90%&#8220; custom_margin=&#8220;5px||||false|false&#8220; custom_margin_tablet=&#8220;5px||||false|false&#8220; custom_margin_phone=&#8220;-60px||||false|false&#8220; custom_margin_last_edited=&#8220;on|phone&#8220; scroll_fade=&#8220;0|25|25|57|0|100|74%&#8220; global_colors_info=&#8220;{}&#8220;][et_pb_column type=&#8220;4_4&#8243; _builder_version=&#8220;4.22.1&#8243; _module_preset=&#8220;default&#8220; global_colors_info=&#8220;{}&#8220;][et_pb_text _builder_version=&#8220;4.22.2&#8243; _module_preset=&#8220;default&#8220; text_text_color=&#8220;#81898d&#8220; text_font_size=&#8220;16px&#8220; text_line_height=&#8220;1.3em&#8220; text_orientation=&#8220;justified&#8220; custom_padding=&#8220;|13vw||13vw|false|true&#8220; custom_padding_tablet=&#8220;|13vw||13vw|false|true&#8220; custom_padding_phone=&#8220;|0vw||0vw|false|true&#8220; custom_padding_last_edited=&#8220;on|phone&#8220; global_colors_info=&#8220;{}&#8220;]<\/p>\n<p style=\"text-align: justify;\">V tradi\u010dn\u00ed venkovsk\u00e9 hospod\u011b se dv\u011bma lok\u00e1ly o celkov\u00e9m po\u010dtu 55 m\u00edst m\u016f\u017eete vyb\u00edrat z j\u00eddeln\u00ed\u010dku dom\u00e1c\u00ed \u010desk\u00e9 kuchyn\u011b. Nechte se zl\u00e1kat v\u00fdte\u010dn\u00fdmi, \u010derstv\u011b upe\u010den\u00fdmi z\u00e1kusky, kter\u00e9 chutnaj\u00ed nejl\u00e9pe s \u0161\u00e1lkem k\u00e1vy na romantick\u00e9 terase nad \u0159ekou. P\u0159es sez\u00f3nu v\u00e1s pohost\u00edme sedm dn\u00ed v t\u00fddnu, mimo sez\u00f3nu pak v\u00edkendov\u011b.<\/p>\n<p style=\"text-align: justify;\">Ct\u00edme tradice a ka\u017edoro\u010dn\u011b po\u0159\u00e1d\u00e1me svatomartinsk\u00e9 a velikono\u010dn\u00ed hody, kter\u00e9 byste ur\u010dit\u011b nem\u011bli prop\u00e1snout. Na va\u0161e p\u0159\u00e1n\u00ed v\u00e1m formou cateringu p\u0159iprav\u00edme cokoliv v jak\u00e9mkoliv mno\u017estv\u00ed. Dobr\u00e1 chu\u0165 a kvalita jsou pro n\u00e1s samoz\u0159ejmost\u00ed.<\/p>\n<p>[\/et_pb_text][et_pb_text disabled_on=&#8220;on|off|off&#8220; _builder_version=&#8220;4.27.5&#8243; _module_preset=&#8220;default&#8220; text_text_color=&#8220;#81898d&#8220; text_font_size=&#8220;16px&#8220; text_line_height=&#8220;0em&#8220; header_line_height=&#8220;1.7em&#8220; header_4_text_align=&#8220;center&#8220; header_4_text_color=&#8220;#87968c&#8220; header_4_font_size=&#8220;20px&#8220; header_4_line_height=&#8220;0.5em&#8220; text_orientation=&#8220;center&#8220; custom_margin=&#8220;4vw||||false|false&#8220; scroll_fade=&#8220;0|44|71|80|100%|80%|0%&#8220; scroll_scaling=&#8220;0|50|50|94|100%|50%|0%&#8220; motion_trigger_start=&#8220;top&#8220; hover_enabled=&#8220;0&#8243; global_colors_info=&#8220;{}&#8220; sticky_enabled=&#8220;0&#8243;]<\/p>\n<p>\u010cesk\u00e1 dom\u00e1c\u00ed kuchyn\u011b<\/p>\n<h4>\u2022<\/h4>\n<p>\u010cerstv\u00e9 z\u00e1kusky<\/p>\n<h4>\u2022<\/h4>\n<p>Otev\u0159eno celoro\u010dn\u011b (v sez\u00f3n\u011b 7 dn\u00ed v t\u00fddnu, mimo sez\u00f3nu o v\u00edkendech)<\/p>\n<h4>\u2022<\/h4>\n<p>Tradi\u010dn\u00ed svatomartinsk\u00e9 a velikono\u010dn\u00ed hody<\/p>\n<h4>\u2022<\/h4>\n<p>2 lok\u00e1ly (celkem 55 m\u00edst)<\/p>\n<h4>\u2022<\/h4>\n<p>Venkovn\u00ed terasa nad \u0159ekou<\/p>\n<h4>\u2022<\/h4>\n<p>Zaji\u0161\u0165ujeme catering<\/p>\n<h4>\u2022<\/h4>\n<p>Turistick\u00e9 zn\u00e1mky<\/p>\n<p>&nbsp;<\/p>\n<p>[\/et_pb_text][et_pb_text disabled_on=&#8220;off|on|on&#8220; _builder_version=&#8220;4.27.5&#8243; _module_preset=&#8220;default&#8220; text_text_color=&#8220;#81898d&#8220; text_font_size=&#8220;16px&#8220; text_line_height=&#8220;0em&#8220; header_line_height=&#8220;1.7em&#8220; header_4_text_align=&#8220;center&#8220; header_4_text_color=&#8220;#87968c&#8220; header_4_font_size=&#8220;20px&#8220; header_4_line_height=&#8220;0.5em&#8220; text_orientation=&#8220;center&#8220; custom_margin=&#8220;4vw||||false|false&#8220; scroll_fade=&#8220;0|44|71|80|100%|80%|0%&#8220; scroll_scaling=&#8220;0|50|50|94|100%|50%|0%&#8220; motion_trigger_start=&#8220;top&#8220; hover_enabled=&#8220;0&#8243; global_colors_info=&#8220;{}&#8220; sticky_enabled=&#8220;0&#8243;]<\/p>\n<p>\u010cesk\u00e1 dom\u00e1c\u00ed kuchyn\u011b<\/p>\n<h4>\u2022<\/h4>\n<p>\u010cerstv\u00e9 z\u00e1kusky<\/p>\n<h4>\u2022<\/h4>\n<p>Otev\u0159eno celoro\u010dn\u011b<\/p>\n<p>&nbsp;<\/p>\n<p>(v sez\u00f3n\u011b 7 dn\u00ed v t\u00fddnu,<\/p>\n<p>mimo sez\u00f3nu o v\u00edkendech)<\/p>\n<h4>\u2022<\/h4>\n<p>Tradi\u010dn\u00ed svatomartinsk\u00e9 a velikono\u010dn\u00ed hody<\/p>\n<h4>\u2022<\/h4>\n<p>2 lok\u00e1ly (celkem 55 m\u00edst)<\/p>\n<h4>\u2022<\/h4>\n<p>Venkovn\u00ed terasa nad \u0159ekou<\/p>\n<h4>\u2022<\/h4>\n<p>Zaji\u0161\u0165ujeme catering<\/p>\n<h4>\u2022<\/h4>\n<p>Turistick\u00e9 zn\u00e1mky<\/p>\n<p>&nbsp;<\/p>\n<p>[\/et_pb_text][\/et_pb_column][\/et_pb_row][\/et_pb_section][et_pb_section fb_built=&#8220;1&#8243; _builder_version=&#8220;4.22.0&#8243; _module_preset=&#8220;default&#8220; background_color=&#8220;#b6a385&#8243; z_index=&#8220;39&#8243; locked=&#8220;off&#8220; global_colors_info=&#8220;{}&#8220;][et_pb_row column_structure=&#8220;1_2,1_2&#8243; use_custom_gutter=&#8220;on&#8220; gutter_width=&#8220;1&#8243; _builder_version=&#8220;4.22.1&#8243; _module_preset=&#8220;default&#8220; width=&#8220;100%&#8220; custom_margin=&#8220;-24px||||false|false&#8220; global_colors_info=&#8220;{}&#8220;][et_pb_column type=&#8220;1_2&#8243; _builder_version=&#8220;4.22.1&#8243; _module_preset=&#8220;default&#8220; global_colors_info=&#8220;{}&#8220;][et_pb_text _builder_version=&#8220;4.22.2&#8243; _module_preset=&#8220;default&#8220; header_2_font=&#8220;STIX Two Text||||||||&#8220; header_2_text_align=&#8220;right&#8220; header_2_text_color=&#8220;gcid-610a872e-2b8e-4ec1-a657-c65568daa012&#8243; header_2_font_size=&#8220;50px&#8220; text_orientation=&#8220;right&#8220; module_alignment=&#8220;right&#8220; custom_margin=&#8220;3vw||||false|false&#8220; custom_padding=&#8220;|||5vw|false|false&#8220; custom_padding_tablet=&#8220;|||5vw|false|false&#8220; custom_padding_phone=&#8220;|||3vw|false|false&#8220; custom_padding_last_edited=&#8220;on|phone&#8220; locked=&#8220;off&#8220; global_colors_info=&#8220;{%22gcid-610a872e-2b8e-4ec1-a657-c65568daa012%22:%91%22header_2_text_color%22%93}&#8220;]<\/p>\n<h2 style=\"text-align: left;\">Lok\u00e1l<\/h2>\n<p>[\/et_pb_text][et_pb_text _builder_version=&#8220;4.22.2&#8243; _module_preset=&#8220;default&#8220; text_text_color=&#8220;#f0ede6&#8243; text_font_size=&#8220;15px&#8220; text_line_height=&#8220;1.3em&#8220; text_orientation=&#8220;justified&#8220; module_alignment=&#8220;center&#8220; custom_margin=&#8220;||||false|false&#8220; custom_padding=&#8220;|5vw||5vw|false|true&#8220; custom_padding_tablet=&#8220;|5vw||5vw|false|true&#8220; custom_padding_phone=&#8220;|3vw|2vw|3vw|false|true&#8220; custom_padding_last_edited=&#8220;on|phone&#8220; locked=&#8220;off&#8220; global_colors_info=&#8220;{}&#8220;]<\/p>\n<p><span style=\"font-weight: 400;\">Nedo\u010dkav\u00e9 milovn\u00edky vychlazen\u00e9ho piva obslou\u017e\u00edme z prvn\u00ed ruky p\u0159\u00edmo od p\u00edpy a ani zp\u00edvaj\u00edc\u00ed vod\u00e1ky ve vedlej\u0161\u00edm lok\u00e1le nenech\u00e1me na suchu. Stol\u016f m\u00e1me dost a v\u00edt\u00e1n je u n\u00e1s ka\u017ed\u00fd, kdo oce\u0148uje tradi\u010dn\u00ed \u010deskou kuchyni. Vyb\u00edrat si u n\u00e1s m\u016f\u017eete z na\u0161eho pravideln\u011b obm\u011b\u0148ovan\u00e9ho denn\u00edho menu.<\/span><\/p>\n<p>[\/et_pb_text][\/et_pb_column][et_pb_column type=&#8220;1_2&#8243; _builder_version=&#8220;4.22.1&#8243; _module_preset=&#8220;default&#8220; global_colors_info=&#8220;{}&#8220;][dipi_carousel columns=&#8220;1&#8243; container_padding=&#8220;0px|0px|0px|0px|true|false&#8220; loop_wide=&#8220;on&#8220; show_lightbox=&#8220;off&#8220; navigation=&#8220;on&#8220; dynamic_bullets=&#8220;off&#8220; navigation_prev_icon_yn=&#8220;on&#8220; navigation_prev_icon=&#8220;&#x34;||divi||400&#8243; navigation_next_icon_yn=&#8220;on&#8220; navigation_next_icon=&#8220;&#x35;||divi||400&#8243; navigation_size=&#8220;52&#8243; navigation_padding=&#8220;90&#8243; navigation_color=&#8220;#FFFFFF&#8220; pagination_position=&#8220;0&#8243; _builder_version=&#8220;4.22.1&#8243; _module_preset=&#8220;default&#8220; global_colors_info=&#8220;{}&#8220;][dipi_carousel_child img_src=&#8220;https:\/\/hospodadubina.cz\/wp-content\/uploads\/2023\/09\/960x600_LOKAL_1.webp&#8220; _builder_version=&#8220;4.22.1&#8243; _module_preset=&#8220;default&#8220; global_colors_info=&#8220;{}&#8220;][\/dipi_carousel_child][dipi_carousel_child img_src=&#8220;https:\/\/hospodadubina.cz\/wp-content\/uploads\/2023\/09\/960x600_LOKAL_3.webp&#8220; _builder_version=&#8220;4.22.1&#8243; _module_preset=&#8220;default&#8220; global_colors_info=&#8220;{}&#8220;][\/dipi_carousel_child][dipi_carousel_child img_src=&#8220;https:\/\/hospodadubina.cz\/wp-content\/uploads\/2023\/09\/960x600_LOKAL_4.webp&#8220; _builder_version=&#8220;4.22.1&#8243; _module_preset=&#8220;default&#8220; global_colors_info=&#8220;{}&#8220;][\/dipi_carousel_child][dipi_carousel_child img_src=&#8220;https:\/\/hospodadubina.cz\/wp-content\/uploads\/2023\/09\/960x600_LOKAL_2.webp&#8220; _builder_version=&#8220;4.22.1&#8243; _module_preset=&#8220;default&#8220; global_colors_info=&#8220;{}&#8220;][\/dipi_carousel_child][dipi_carousel_child img_src=&#8220;https:\/\/hospodadubina.cz\/wp-content\/uploads\/2023\/09\/960x600_LOKAL_5.webp&#8220; _builder_version=&#8220;4.22.1&#8243; _module_preset=&#8220;default&#8220; global_colors_info=&#8220;{}&#8220;][\/dipi_carousel_child][\/dipi_carousel][\/et_pb_column][\/et_pb_row][et_pb_row column_structure=&#8220;1_2,1_2&#8243; use_custom_gutter=&#8220;on&#8220; gutter_width=&#8220;1&#8243; module_id=&#8220;catering&#8220; _builder_version=&#8220;4.22.2&#8243; _module_preset=&#8220;default&#8220; width=&#8220;100%&#8220; custom_margin=&#8220;0px||||false|false&#8220; pac_drh_enable_stacking=&#8220;pac_drh_stack_row pac_drh_stack_mob_only&#8220; global_colors_info=&#8220;{}&#8220;][et_pb_column type=&#8220;1_2&#8243; _builder_version=&#8220;4.22.2&#8243; _module_preset=&#8220;default&#8220; pac_drh_add_staking_order_mob=&#8220;pac_drh_order_mob_two&#8220; global_colors_info=&#8220;{}&#8220;][dipi_carousel columns=&#8220;1&#8243; container_padding=&#8220;0px|0px|0px|0px|true|false&#8220; loop_wide=&#8220;on&#8220; show_lightbox=&#8220;off&#8220; navigation=&#8220;on&#8220; navigation_prev_icon_yn=&#8220;on&#8220; navigation_prev_icon=&#8220;&#x34;||divi||400&#8243; navigation_next_icon_yn=&#8220;on&#8220; navigation_next_icon=&#8220;&#x35;||divi||400&#8243; navigation_size=&#8220;52&#8243; navigation_padding=&#8220;50&#8243; navigation_color=&#8220;#FFFFFF&#8220; navigation_position_left=&#8220;-23px&#8220; navigation_position_right=&#8220;-21px&#8220; pagination_position=&#8220;0&#8243; _builder_version=&#8220;4.22.1&#8243; _module_preset=&#8220;default&#8220; global_colors_info=&#8220;{}&#8220;][dipi_carousel_child img_src=&#8220;https:\/\/hospodadubina.cz\/wp-content\/uploads\/2023\/09\/960x600_CATERING_1.webp&#8220; _builder_version=&#8220;4.22.1&#8243; _module_preset=&#8220;default&#8220; global_colors_info=&#8220;{}&#8220;][\/dipi_carousel_child][dipi_carousel_child img_src=&#8220;https:\/\/hospodadubina.cz\/wp-content\/uploads\/2023\/09\/960x600_CATERING_2.webp&#8220; _builder_version=&#8220;4.22.1&#8243; _module_preset=&#8220;default&#8220; global_colors_info=&#8220;{}&#8220;][\/dipi_carousel_child][dipi_carousel_child img_src=&#8220;https:\/\/hospodadubina.cz\/wp-content\/uploads\/2023\/09\/960x600_CATERING_3.webp&#8220; _builder_version=&#8220;4.22.1&#8243; _module_preset=&#8220;default&#8220; global_colors_info=&#8220;{}&#8220;][\/dipi_carousel_child][dipi_carousel_child img_src=&#8220;https:\/\/hospodadubina.cz\/wp-content\/uploads\/2023\/09\/960x600_CATERING_4.webp&#8220; _builder_version=&#8220;4.22.1&#8243; _module_preset=&#8220;default&#8220; global_colors_info=&#8220;{}&#8220;][\/dipi_carousel_child][dipi_carousel_child img_src=&#8220;https:\/\/hospodadubina.cz\/wp-content\/uploads\/2023\/09\/960x600_CATERING_5.webp&#8220; _builder_version=&#8220;4.22.1&#8243; _module_preset=&#8220;default&#8220; global_colors_info=&#8220;{}&#8220;][\/dipi_carousel_child][\/dipi_carousel][\/et_pb_column][et_pb_column type=&#8220;1_2&#8243; _builder_version=&#8220;4.22.2&#8243; _module_preset=&#8220;default&#8220; pac_drh_add_staking_order_mob=&#8220;pac_drh_order_mob_one&#8220; global_colors_info=&#8220;{}&#8220;][et_pb_text _builder_version=&#8220;4.22.2&#8243; _module_preset=&#8220;default&#8220; header_2_font=&#8220;STIX Two Text||||||||&#8220; header_2_text_align=&#8220;right&#8220; header_2_text_color=&#8220;gcid-610a872e-2b8e-4ec1-a657-c65568daa012&#8243; header_2_font_size=&#8220;50px&#8220; text_orientation=&#8220;right&#8220; module_alignment=&#8220;center&#8220; custom_margin=&#8220;4vw||||false|false&#8220; custom_padding=&#8220;|||5vw|false|false&#8220; custom_padding_tablet=&#8220;|||5vw|false|false&#8220; custom_padding_phone=&#8220;|||3vw|false|false&#8220; custom_padding_last_edited=&#8220;on|phone&#8220; locked=&#8220;off&#8220; global_colors_info=&#8220;{%22gcid-610a872e-2b8e-4ec1-a657-c65568daa012%22:%91%22header_2_text_color%22%93}&#8220;]<\/p>\n<h2 style=\"text-align: left;\">Catering<\/h2>\n<p>[\/et_pb_text][et_pb_text _builder_version=&#8220;4.22.2&#8243; _module_preset=&#8220;default&#8220; text_text_color=&#8220;#f0ede6&#8243; text_font_size=&#8220;15px&#8220; text_line_height=&#8220;1.3em&#8220; text_orientation=&#8220;justified&#8220; module_alignment=&#8220;center&#8220; custom_margin=&#8220;||||false|false&#8220; custom_padding=&#8220;|5vw||5vw|false|true&#8220; custom_padding_tablet=&#8220;|5vw||5vw|false|true&#8220; custom_padding_phone=&#8220;|3vw|2vw|3vw|false|true&#8220; custom_padding_last_edited=&#8220;on|phone&#8220; locked=&#8220;off&#8220; global_colors_info=&#8220;{}&#8220;]<\/p>\n<p><span style=\"font-weight: 400;\">Krom\u011b cateringu pro akce konan\u00e9 u n\u00e1s zajist\u00edme tak\u00e9 pln\u00fd catering pro va\u0161i vlastn\u00ed ud\u00e1lost v\u010detn\u011b dopravy k v\u00e1m. Zku\u0161enosti, z\u00e1zem\u00ed, n\u00e1pady a tematick\u00e9 dopl\u0148ky n\u00e1m nechyb\u00ed. R\u00e1di napln\u00edme va\u0161i p\u0159edstavu ob\u010derstven\u00ed a bezchybn\u00e9ho pr\u016fb\u011bhu akce. Dejte n\u00e1m v\u011bd\u011bt a spoj\u00edme na\u0161e s\u00edly s va\u0161\u00ed viz\u00ed.<\/span><\/p>\n<p>[\/et_pb_text][\/et_pb_column][\/et_pb_row][et_pb_row column_structure=&#8220;1_2,1_2&#8243; use_custom_gutter=&#8220;on&#8220; gutter_width=&#8220;1&#8243; _builder_version=&#8220;4.22.2&#8243; _module_preset=&#8220;default&#8220; width=&#8220;100%&#8220; custom_margin=&#8220;||||false|false&#8220; global_colors_info=&#8220;{}&#8220;][et_pb_column type=&#8220;1_2&#8243; _builder_version=&#8220;4.22.1&#8243; _module_preset=&#8220;default&#8220; global_colors_info=&#8220;{}&#8220;][et_pb_text _builder_version=&#8220;4.22.2&#8243; _module_preset=&#8220;default&#8220; header_2_font=&#8220;STIX Two Text||||||||&#8220; header_2_text_align=&#8220;right&#8220; header_2_text_color=&#8220;gcid-610a872e-2b8e-4ec1-a657-c65568daa012&#8243; header_2_font_size=&#8220;50px&#8220; module_alignment=&#8220;left&#8220; custom_margin=&#8220;4vw||||false|false&#8220; custom_padding=&#8220;|||5vw|false|false&#8220; custom_padding_tablet=&#8220;|||5vw|false|false&#8220; custom_padding_phone=&#8220;|||3vw|false|false&#8220; custom_padding_last_edited=&#8220;on|phone&#8220; locked=&#8220;off&#8220; global_colors_info=&#8220;{%22gcid-610a872e-2b8e-4ec1-a657-c65568daa012%22:%91%22header_2_text_color%22%93}&#8220;]<\/p>\n<h2 style=\"text-align: left;\">Terasa<\/h2>\n<p>[\/et_pb_text][et_pb_text _builder_version=&#8220;4.22.2&#8243; _module_preset=&#8220;default&#8220; text_text_color=&#8220;#f0ede6&#8243; text_font_size=&#8220;15px&#8220; text_line_height=&#8220;1.3em&#8220; text_orientation=&#8220;justified&#8220; module_alignment=&#8220;center&#8220; custom_margin=&#8220;||||false|false&#8220; custom_padding=&#8220;|5vw||5vw|false|true&#8220; custom_padding_tablet=&#8220;|5vw||5vw|false|true&#8220; custom_padding_phone=&#8220;|3vw|2vw|3vw|false|true&#8220; custom_padding_last_edited=&#8220;on|phone&#8220; locked=&#8220;off&#8220; global_colors_info=&#8220;{}&#8220;]<\/p>\n<p><span style=\"font-weight: 400;\">P\u0159ekr\u00e1sn\u00e9 m\u00edsto k ob\u010derstven\u00ed a odpo\u010dinku v p\u0159\u00edzniv\u00e9m po\u010das\u00ed. V\u00fdhled na Oh\u0159i s kulisou Kru\u0161n\u00fdch hor v pozad\u00ed dod\u00e1 va\u0161im histork\u00e1m z cest podmanivou atmosf\u00e9ru, zat\u00edmco dobov\u00e9 kamenn\u00e9 dopl\u0148ky prorostl\u00e9 vodop\u00e1dem kv\u011bt\u016f dopln\u00ed chu\u0165 \u010derstv\u00e9ho z\u00e1kusku, kter\u00fd byste si rozhodn\u011b nem\u011bli nechat uj\u00edt. \u00a0 <\/span><\/p>\n<p>[\/et_pb_text][\/et_pb_column][et_pb_column type=&#8220;1_2&#8243; _builder_version=&#8220;4.22.1&#8243; _module_preset=&#8220;default&#8220; global_colors_info=&#8220;{}&#8220;][dipi_carousel columns=&#8220;1&#8243; container_padding=&#8220;0px|0px|0px|0px|true|false&#8220; loop_wide=&#8220;on&#8220; show_lightbox=&#8220;off&#8220; navigation=&#8220;on&#8220; navigation_prev_icon_yn=&#8220;on&#8220; navigation_prev_icon=&#8220;&#x34;||divi||400&#8243; navigation_next_icon_yn=&#8220;on&#8220; navigation_next_icon=&#8220;&#x35;||divi||400&#8243; navigation_size=&#8220;52&#8243; navigation_padding=&#8220;50&#8243; navigation_color=&#8220;#FFFFFF&#8220; navigation_position_left=&#8220;-23px&#8220; navigation_position_right=&#8220;-21px&#8220; _builder_version=&#8220;4.22.1&#8243; _module_preset=&#8220;default&#8220; global_colors_info=&#8220;{}&#8220;][dipi_carousel_child img_src=&#8220;https:\/\/hospodadubina.cz\/wp-content\/uploads\/2023\/09\/960x600_TERASA_1.webp&#8220; _builder_version=&#8220;4.22.1&#8243; _module_preset=&#8220;default&#8220; global_colors_info=&#8220;{}&#8220;][\/dipi_carousel_child][dipi_carousel_child img_src=&#8220;https:\/\/hospodadubina.cz\/wp-content\/uploads\/2023\/09\/960x600_TERASA_2.webp&#8220; _builder_version=&#8220;4.22.1&#8243; _module_preset=&#8220;default&#8220; global_colors_info=&#8220;{}&#8220;][\/dipi_carousel_child][dipi_carousel_child img_src=&#8220;https:\/\/hospodadubina.cz\/wp-content\/uploads\/2023\/09\/960x600_TERASA_3.webp&#8220; _builder_version=&#8220;4.22.1&#8243; _module_preset=&#8220;default&#8220; global_colors_info=&#8220;{}&#8220;][\/dipi_carousel_child][dipi_carousel_child img_src=&#8220;https:\/\/hospodadubina.cz\/wp-content\/uploads\/2023\/09\/960x600_TERASA_4.webp&#8220; _builder_version=&#8220;4.22.1&#8243; _module_preset=&#8220;default&#8220; global_colors_info=&#8220;{}&#8220;][\/dipi_carousel_child][dipi_carousel_child img_src=&#8220;https:\/\/hospodadubina.cz\/wp-content\/uploads\/2023\/09\/960x600_TERASA_5.webp&#8220; _builder_version=&#8220;4.22.1&#8243; _module_preset=&#8220;default&#8220; global_colors_info=&#8220;{}&#8220;][\/dipi_carousel_child][dipi_carousel_child img_src=&#8220;https:\/\/hospodadubina.cz\/wp-content\/uploads\/2023\/09\/960x600_TERASA_6.webp&#8220; _builder_version=&#8220;4.22.1&#8243; _module_preset=&#8220;default&#8220; global_colors_info=&#8220;{}&#8220;][\/dipi_carousel_child][dipi_carousel_child img_src=&#8220;https:\/\/hospodadubina.cz\/wp-content\/uploads\/2023\/09\/960x600_TERASA_7.webp&#8220; _builder_version=&#8220;4.22.1&#8243; _module_preset=&#8220;default&#8220; global_colors_info=&#8220;{}&#8220;][\/dipi_carousel_child][\/dipi_carousel][\/et_pb_column][\/et_pb_row][\/et_pb_section]<\/p>\n","protected":false},"excerpt":{"rendered":"<p>HospodaV tradi\u010dn\u00ed venkovsk\u00e9 hospod\u011b se dv\u011bma lok\u00e1ly o celkov\u00e9m po\u010dtu 55 m\u00edst m\u016f\u017eete vyb\u00edrat z j\u00eddeln\u00ed\u010dku dom\u00e1c\u00ed \u010desk\u00e9 kuchyn\u011b. Nechte se zl\u00e1kat v\u00fdte\u010dn\u00fdmi, \u010derstv\u011b upe\u010den\u00fdmi z\u00e1kusky, kter\u00e9 chutnaj\u00ed nejl\u00e9pe s \u0161\u00e1lkem k\u00e1vy na romantick\u00e9 terase nad \u0159ekou. P\u0159es sez\u00f3nu v\u00e1s pohost\u00edme sedm dn\u00ed v t\u00fddnu, mimo sez\u00f3nu pak v\u00edkendov\u011b. Ct\u00edme tradice a ka\u017edoro\u010dn\u011b po\u0159\u00e1d\u00e1me svatomartinsk\u00e9 [&hellip;]<\/p>\n","protected":false},"author":1,"featured_media":0,"parent":0,"menu_order":0,"comment_status":"closed","ping_status":"closed","template":"","meta":{"_et_pb_use_builder":"on","_et_pb_old_content":"","_et_gb_content_width":"","footnotes":""},"class_list":["post-21244941","page","type-page","status-publish","hentry"],"_links":{"self":[{"href":"https:\/\/hospodadubina.cz\/en\/wp-json\/wp\/v2\/pages\/21244941","targetHints":{"allow":["GET"]}}],"collection":[{"href":"https:\/\/hospodadubina.cz\/en\/wp-json\/wp\/v2\/pages"}],"about":[{"href":"https:\/\/hospodadubina.cz\/en\/wp-json\/wp\/v2\/types\/page"}],"author":[{"embeddable":true,"href":"https:\/\/hospodadubina.cz\/en\/wp-json\/wp\/v2\/users\/1"}],"replies":[{"embeddable":true,"href":"https:\/\/hospodadubina.cz\/en\/wp-json\/wp\/v2\/comments?post=21244941"}],"version-history":[{"count":1,"href":"https:\/\/hospodadubina.cz\/en\/wp-json\/wp\/v2\/pages\/21244941\/revisions"}],"predecessor-version":[{"id":21246057,"href":"https:\/\/hospodadubina.cz\/en\/wp-json\/wp\/v2\/pages\/21244941\/revisions\/21246057"}],"wp:attachment":[{"href":"https:\/\/hospodadubina.cz\/en\/wp-json\/wp\/v2\/media?parent=21244941"}],"curies":[{"name":"wp","href":"https:\/\/api.w.org\/{rel}","templated":true}]}}