{"id":21245203,"date":"2023-09-13T10:44:20","date_gmt":"2023-09-13T10:44:20","guid":{"rendered":"https:\/\/www.hospodadubina.cz\/?page_id=21245203"},"modified":"2025-09-08T22:50:06","modified_gmt":"2025-09-08T22:50:06","slug":"vesnicky-sal","status":"publish","type":"page","link":"https:\/\/hospodadubina.cz\/en\/vesnicky-sal\/","title":{"rendered":"Village Hall"},"content":{"rendered":"<p>[et_pb_section fb_built=&#8220;1&#8243; _builder_version=&#8220;4.22.1&#8243; _module_preset=&#8220;default&#8220; background_color=&#8220;#dbd2c3&#8243; global_colors_info=&#8220;{}&#8220;][et_pb_row _builder_version=&#8220;4.22.1&#8243; _module_preset=&#8220;default&#8220; background_color=&#8220;RGBA(255,255,255,0)&#8220; positioning=&#8220;none&#8220; position_origin_f=&#8220;top_center&#8220; vertical_offset=&#8220;84px&#8220; z_index=&#8220;3&#8243; width_tablet=&#8220;&#8220; width_phone=&#8220;100%&#8220; width_last_edited=&#8220;on|phone&#8220; custom_margin=&#8220;||-4vw||false|false&#8220; custom_margin_tablet=&#8220;||-4vw||false|false&#8220; custom_margin_phone=&#8220;||0vw||false|false&#8220; custom_margin_last_edited=&#8220;on|phone&#8220; global_colors_info=&#8220;{}&#8220;][et_pb_column type=&#8220;4_4&#8243; _builder_version=&#8220;4.22.0&#8243; _module_preset=&#8220;default&#8220; global_colors_info=&#8220;{}&#8220;][et_pb_text _builder_version=&#8220;4.22.2&#8243; _module_preset=&#8220;default&#8220; header_2_font=&#8220;STIX Two Text||||||||&#8220; header_2_text_align=&#8220;center&#8220; header_2_text_color=&#8220;#f0ede6&#8243; header_2_font_size=&#8220;10vw&#8220; background_color=&#8220;RGBA(255,255,255,0)&#8220; position_origin_f=&#8220;top_center&#8220; vertical_offset=&#8220;60px&#8220; z_index=&#8220;100&#8243; custom_margin=&#8220;6vw||||false|false&#8220; custom_margin_tablet=&#8220;24px||||false|false&#8220; custom_margin_phone=&#8220;0px||||false|false&#8220; custom_margin_last_edited=&#8220;on|phone&#8220; global_colors_info=&#8220;{}&#8220;]<\/p>\n<h2>Vesnick\u00fd s\u00e1l<\/h2>\n<p>[\/et_pb_text][et_pb_image src=&#8220;https:\/\/hospodadubina.cz\/wp-content\/uploads\/2023\/09\/sal-prava-kopie-604&#215;1024.webp&#8220; title_text=&#8220;sal prava kopie&#8220; disabled_on=&#8220;on|off|off&#8220; _builder_version=&#8220;4.22.1&#8243; _module_preset=&#8220;default&#8220; positioning=&#8220;fixed&#8220; position_origin_f=&#8220;top_right&#8220; vertical_offset=&#8220;72px&#8220; horizontal_offset=&#8220;-7px&#8220; height=&#8220;473px&#8220; filter_opacity=&#8220;55%&#8220; global_colors_info=&#8220;{}&#8220;][\/et_pb_image][et_pb_image src=&#8220;https:\/\/hospodadubina.cz\/wp-content\/uploads\/2023\/09\/sal-leva-kopie-604&#215;1024.webp&#8220; disabled_on=&#8220;on|off|off&#8220; _builder_version=&#8220;4.22.1&#8243; _module_preset=&#8220;default&#8220; positioning=&#8220;fixed&#8220; vertical_offset=&#8220;96px&#8220; horizontal_offset=&#8220;-62px&#8220; height=&#8220;520px&#8220; max_height=&#8220;10800px&#8220; filter_opacity=&#8220;41%&#8220; global_colors_info=&#8220;{}&#8220;][\/et_pb_image][\/et_pb_column][\/et_pb_row][et_pb_row _builder_version=&#8220;4.22.1&#8243; _module_preset=&#8220;default&#8220; positioning=&#8220;none&#8220; position_origin_a=&#8220;top_center&#8220; vertical_offset=&#8220;260px&#8220; horizontal_offset=&#8220;0px&#8220; width_tablet=&#8220;&#8220; width_phone=&#8220;100%&#8220; width_last_edited=&#8220;on|phone&#8220; custom_margin=&#8220;5px||||false|false&#8220; custom_margin_tablet=&#8220;5px||||false|false&#8220; custom_margin_phone=&#8220;-56px||||false|false&#8220; custom_margin_last_edited=&#8220;on|phone&#8220; scroll_fade=&#8220;0|25|25|57|0|100|74%&#8220; global_colors_info=&#8220;{}&#8220;][et_pb_column type=&#8220;4_4&#8243; _builder_version=&#8220;4.22.1&#8243; _module_preset=&#8220;default&#8220; global_colors_info=&#8220;{}&#8220;][et_pb_text _builder_version=&#8220;4.27.4&#8243; _module_preset=&#8220;default&#8220; text_text_color=&#8220;#81898d&#8220; text_font_size=&#8220;16px&#8220; text_line_height=&#8220;1.3em&#8220; text_orientation=&#8220;justified&#8220; custom_padding=&#8220;|13vw||13vw|false|true&#8220; custom_padding_tablet=&#8220;|13vw||13vw|false|true&#8220; custom_padding_phone=&#8220;|5vw||5vw|false|true&#8220; custom_padding_last_edited=&#8220;on|phone&#8220; hover_enabled=&#8220;0&#8243; global_colors_info=&#8220;{}&#8220; sticky_enabled=&#8220;0&#8243;]<\/p>\n<p style=\"text-align: justify;\"><span>V prostorn\u00e9m tane\u010dn\u00edm s\u00e1lu s p\u00f3diem a dal\u0161\u00edmi p\u011bti odd\u011blen\u00fdmi prostory m\u016f\u017eete uspo\u0159\u00e1dat svou akci ve velk\u00e9m stylu. Svatba, ples, oslava narozenin, firemn\u00ed ve\u010d\u00edrek \u010di zakon\u010den\u00ed loveck\u00e9 sez\u00f3ny \u2013 nic nen\u00ed probl\u00e9m.<\/span><\/p>\n<p style=\"text-align: justify;\">R\u00e1di v\u00e1m pom\u016f\u017eeme s cateringem a organizac\u00ed a vyhov\u00edme t\u00e9m\u011b\u0159 ka\u017ed\u00e9mu va\u0161emu p\u0159\u00e1n\u00ed.<\/p>\n<p>[\/et_pb_text][et_pb_text disabled_on=&#8220;on|off|off&#8220; _builder_version=&#8220;4.22.1&#8243; _module_preset=&#8220;default&#8220; text_text_color=&#8220;#81898d&#8220; text_font_size=&#8220;16px&#8220; text_line_height=&#8220;0em&#8220; header_line_height=&#8220;1.7em&#8220; header_4_text_align=&#8220;center&#8220; header_4_text_color=&#8220;#87968c&#8220; header_4_font_size=&#8220;20px&#8220; header_4_line_height=&#8220;0.5em&#8220; text_orientation=&#8220;center&#8220; custom_margin=&#8220;4vw||||false|false&#8220; scroll_fade=&#8220;0|44|71|80|100%|80%|0%&#8220; scroll_scaling=&#8220;0|50|50|94|100%|50%|0%&#8220; motion_trigger_start=&#8220;top&#8220; global_colors_info=&#8220;{}&#8220;]<\/p>\n<p>Svatby, plesy, oslavy, firemn\u00ed akce a\u017e pro 300 host\u016f<\/p>\n<h4>\u2022<\/h4>\n<p><span>S\u00e1l pro 120 host\u016f<\/span><\/p>\n<h4>\u2022<\/h4>\n<p>No\u010dn\u00ed bar pro 45 osob s otev\u0159en\u00fdm krbem<\/p>\n<h4>\u2022<\/h4>\n<p>Salonek s kr\u00e1sn\u00fdm v\u00fdhledem na \u0159eku pro 25 osob<\/p>\n<h4>\u2022<\/h4>\n<p>Vin\u00e1rna pro 20 osob<\/p>\n<h4>\u2022<\/h4>\n<p><span>Prostory hospody pro 55 osob<\/span><\/p>\n<h4>\u2022<\/h4>\n<p>Terasa pro 50 osob<\/p>\n<h4>\u2022<\/h4>\n<h4><\/h4>\n<p>Catering a pomoc s organizac\u00ed<\/p>\n<p>&nbsp;<\/p>\n<div id=\"gtx-trans\" style=\"position: absolute; left: 0px; top: 533.188px;\">\n<div class=\"gtx-trans-icon\"><\/div>\n<\/div>\n<p>[\/et_pb_text][et_pb_text disabled_on=&#8220;off|on|on&#8220; _builder_version=&#8220;4.22.2&#8243; _module_preset=&#8220;default&#8220; text_text_color=&#8220;#81898d&#8220; text_font_size=&#8220;16px&#8220; text_line_height=&#8220;0em&#8220; header_line_height=&#8220;1.7em&#8220; header_4_text_align=&#8220;center&#8220; header_4_text_color=&#8220;#87968c&#8220; header_4_font_size=&#8220;20px&#8220; header_4_line_height=&#8220;0.5em&#8220; text_orientation=&#8220;center&#8220; custom_margin=&#8220;4vw||||false|false&#8220; scroll_fade=&#8220;0|44|71|80|100%|80%|0%&#8220; scroll_scaling=&#8220;0|50|50|94|100%|50%|0%&#8220; motion_trigger_start=&#8220;top&#8220; global_colors_info=&#8220;{}&#8220;]<\/p>\n<p>Svatby, plesy, oslavy,<\/p>\n<p>&nbsp;<\/p>\n<p>firemn\u00ed akce a\u017e pro 300 host\u016f<\/p>\n<h4>\u2022<\/h4>\n<p><span>S\u00e1l pro 120 host\u016f<\/span><\/p>\n<h4>\u2022<\/h4>\n<p>No\u010dn\u00ed bar pro 45 osob s otev\u0159en\u00fdm krbem<\/p>\n<h4>\u2022<\/h4>\n<p>Salonek s kr\u00e1sn\u00fdm v\u00fdhledem<\/p>\n<p>&nbsp;<\/p>\n<p>na \u0159eku pro 25 osob<\/p>\n<h4>\u2022<\/h4>\n<p>Vin\u00e1rna pro 20 osob<\/p>\n<h4>\u2022<\/h4>\n<p><span>Prostory hospody pro 55 osob<\/span><\/p>\n<h4>\u2022<\/h4>\n<p>Terasa pro 50 osob<\/p>\n<h4>\u2022<\/h4>\n<h4><\/h4>\n<p>Catering a pomoc s organizac\u00ed<\/p>\n<p>&nbsp;<\/p>\n<div id=\"gtx-trans\" style=\"position: absolute; left: 0px; top: 533.188px;\">\n<div class=\"gtx-trans-icon\"><\/div>\n<\/div>\n<p>[\/et_pb_text][\/et_pb_column][\/et_pb_row][\/et_pb_section][et_pb_section fb_built=&#8220;1&#8243; _builder_version=&#8220;4.22.0&#8243; _module_preset=&#8220;default&#8220; background_color=&#8220;#b6a385&#8243; z_index=&#8220;39&#8243; locked=&#8220;off&#8220; global_colors_info=&#8220;{}&#8220;][et_pb_row column_structure=&#8220;1_2,1_2&#8243; use_custom_gutter=&#8220;on&#8220; gutter_width=&#8220;1&#8243; _builder_version=&#8220;4.22.1&#8243; _module_preset=&#8220;default&#8220; width=&#8220;100%&#8220; custom_margin=&#8220;-24px||||false|false&#8220; global_colors_info=&#8220;{}&#8220;][et_pb_column type=&#8220;1_2&#8243; _builder_version=&#8220;4.22.1&#8243; _module_preset=&#8220;default&#8220; global_colors_info=&#8220;{}&#8220;][et_pb_text _builder_version=&#8220;4.22.2&#8243; _module_preset=&#8220;default&#8220; header_2_font=&#8220;STIX Two Text||||||||&#8220; header_2_text_align=&#8220;right&#8220; header_2_text_color=&#8220;gcid-610a872e-2b8e-4ec1-a657-c65568daa012&#8243; header_2_font_size=&#8220;50px&#8220; text_orientation=&#8220;right&#8220; module_alignment=&#8220;right&#8220; custom_margin=&#8220;3vw||||false|false&#8220; custom_padding=&#8220;|||5vw|false|false&#8220; custom_padding_tablet=&#8220;|||5vw|false|false&#8220; custom_padding_phone=&#8220;|||3vw|false|false&#8220; custom_padding_last_edited=&#8220;on|phone&#8220; locked=&#8220;off&#8220; global_colors_info=&#8220;{%22gcid-610a872e-2b8e-4ec1-a657-c65568daa012%22:%91%22header_2_text_color%22%93}&#8220;]<\/p>\n<h2 style=\"text-align: left;\">No\u010dn\u00ed bar<\/h2>\n<div id=\"gtx-trans\" style=\"position: absolute; left: -115px; top: -4.09375px;\">\n<div class=\"gtx-trans-icon\"><\/div>\n<\/div>\n<p>[\/et_pb_text][et_pb_text _builder_version=&#8220;4.22.2&#8243; _module_preset=&#8220;default&#8220; text_text_color=&#8220;#f0ede6&#8243; text_font_size=&#8220;15px&#8220; text_line_height=&#8220;1.3em&#8220; text_orientation=&#8220;justified&#8220; module_alignment=&#8220;center&#8220; custom_margin=&#8220;||||false|false&#8220; custom_padding=&#8220;|5vw||5vw|false|true&#8220; custom_padding_tablet=&#8220;|5vw||5vw|false|true&#8220; custom_padding_phone=&#8220;|3vw|2vw|3vw|false|true&#8220; custom_padding_last_edited=&#8220;on|phone&#8220; locked=&#8220;off&#8220; global_colors_info=&#8220;{}&#8220;]<\/p>\n<p><span style=\"font-weight: 400;\">V na\u0161em no\u010dn\u00edm baru m\u016f\u017eete klidn\u011b tan\u010dit a\u017e do r\u00e1na. Citliv\u011b zrenovovan\u00fd prostor b\u00fdval\u00e9 led\u00e1rny s otev\u0159en\u00fdm krbem a bohat\u011b z\u00e1soben\u00fdm barem nab\u00edz\u00ed vyznava\u010d\u016fm no\u010dn\u00edch radov\u00e1nek p\u0159\u00edle\u017eitost k d\u016fstojn\u00e9 afterparty. Vlastn\u00ed p\u0159\u00edstup na venkovn\u00ed terasu a odd\u011blen\u00e9 toalety v\u00e1m zajist\u00ed naprost\u00e9 soukrom\u00ed.<\/span><\/p>\n<p>[\/et_pb_text][\/et_pb_column][et_pb_column type=&#8220;1_2&#8243; _builder_version=&#8220;4.22.1&#8243; _module_preset=&#8220;default&#8220; global_colors_info=&#8220;{}&#8220;][dipi_carousel columns=&#8220;1&#8243; container_padding=&#8220;0px|0px|0px|0px|true|false&#8220; loop_wide=&#8220;on&#8220; show_lightbox=&#8220;off&#8220; navigation=&#8220;on&#8220; dynamic_bullets=&#8220;off&#8220; navigation_prev_icon_yn=&#8220;on&#8220; navigation_prev_icon=&#8220;&#x34;||divi||400&#8243; navigation_next_icon_yn=&#8220;on&#8220; navigation_next_icon=&#8220;&#x35;||divi||400&#8243; navigation_size=&#8220;52&#8243; navigation_padding=&#8220;90&#8243; navigation_color=&#8220;#FFFFFF&#8220; pagination_position=&#8220;0&#8243; _builder_version=&#8220;4.22.1&#8243; _module_preset=&#8220;default&#8220; global_colors_info=&#8220;{}&#8220;][dipi_carousel_child img_src=&#8220;https:\/\/hospodadubina.cz\/wp-content\/uploads\/2023\/09\/960x600_NOCNI-BAR_1.webp&#8220; _builder_version=&#8220;4.22.1&#8243; _module_preset=&#8220;default&#8220; global_colors_info=&#8220;{}&#8220;][\/dipi_carousel_child][dipi_carousel_child img_src=&#8220;https:\/\/hospodadubina.cz\/wp-content\/uploads\/2023\/09\/960x600_NOCNI-BAR_2.webp&#8220; _builder_version=&#8220;4.22.1&#8243; _module_preset=&#8220;default&#8220; global_colors_info=&#8220;{}&#8220;][\/dipi_carousel_child][dipi_carousel_child img_src=&#8220;https:\/\/hospodadubina.cz\/wp-content\/uploads\/2023\/09\/960x600_NOCNI-BAR_3-1.webp&#8220; _builder_version=&#8220;4.22.1&#8243; _module_preset=&#8220;default&#8220; global_colors_info=&#8220;{}&#8220;][\/dipi_carousel_child][dipi_carousel_child img_src=&#8220;https:\/\/hospodadubina.cz\/wp-content\/uploads\/2023\/09\/960x600_NOCNI-BAR_4-1.webp&#8220; _builder_version=&#8220;4.22.1&#8243; _module_preset=&#8220;default&#8220; global_colors_info=&#8220;{}&#8220;][\/dipi_carousel_child][dipi_carousel_child img_src=&#8220;https:\/\/hospodadubina.cz\/wp-content\/uploads\/2023\/09\/960x600_NOCNI-BAR_5-1.webp&#8220; _builder_version=&#8220;4.22.1&#8243; _module_preset=&#8220;default&#8220; global_colors_info=&#8220;{}&#8220;][\/dipi_carousel_child][\/dipi_carousel][\/et_pb_column][\/et_pb_row][et_pb_row column_structure=&#8220;1_2,1_2&#8243; use_custom_gutter=&#8220;on&#8220; gutter_width=&#8220;1&#8243; module_id=&#8220;svatby&#8220; _builder_version=&#8220;4.22.2&#8243; _module_preset=&#8220;default&#8220; width=&#8220;100%&#8220; custom_margin=&#8220;0px||||false|false&#8220; pac_drh_enable_stacking=&#8220;pac_drh_stack_row pac_drh_stack_mob_only&#8220; global_colors_info=&#8220;{}&#8220;][et_pb_column type=&#8220;1_2&#8243; _builder_version=&#8220;4.22.2&#8243; _module_preset=&#8220;default&#8220; pac_drh_add_staking_order_mob=&#8220;pac_drh_order_mob_two&#8220; global_colors_info=&#8220;{}&#8220;][dipi_carousel columns=&#8220;1&#8243; container_padding=&#8220;0px|0px|0px|0px|true|false&#8220; loop_wide=&#8220;on&#8220; show_lightbox=&#8220;off&#8220; navigation=&#8220;on&#8220; navigation_prev_icon_yn=&#8220;on&#8220; navigation_prev_icon=&#8220;&#x34;||divi||400&#8243; navigation_next_icon_yn=&#8220;on&#8220; navigation_next_icon=&#8220;&#x35;||divi||400&#8243; navigation_size=&#8220;52&#8243; navigation_padding=&#8220;50&#8243; navigation_color=&#8220;#FFFFFF&#8220; navigation_position_left=&#8220;-23px&#8220; navigation_position_right=&#8220;-21px&#8220; pagination_position=&#8220;0&#8243; _builder_version=&#8220;4.22.1&#8243; _module_preset=&#8220;default&#8220; global_colors_info=&#8220;{}&#8220;][dipi_carousel_child img_src=&#8220;https:\/\/hospodadubina.cz\/wp-content\/uploads\/2023\/09\/960x600_SVATBY_1.webp&#8220; _builder_version=&#8220;4.22.1&#8243; _module_preset=&#8220;default&#8220; global_colors_info=&#8220;{}&#8220;][\/dipi_carousel_child][dipi_carousel_child img_src=&#8220;https:\/\/hospodadubina.cz\/wp-content\/uploads\/2023\/09\/960x600_SVATBY_2.webp&#8220; _builder_version=&#8220;4.22.1&#8243; _module_preset=&#8220;default&#8220; global_colors_info=&#8220;{}&#8220;][\/dipi_carousel_child][dipi_carousel_child img_src=&#8220;https:\/\/hospodadubina.cz\/wp-content\/uploads\/2023\/09\/960x600_SVATBY_3.webp&#8220; _builder_version=&#8220;4.22.1&#8243; _module_preset=&#8220;default&#8220; global_colors_info=&#8220;{}&#8220;][\/dipi_carousel_child][dipi_carousel_child img_src=&#8220;https:\/\/hospodadubina.cz\/wp-content\/uploads\/2023\/09\/960x600_SVATBY_5.webp&#8220; _builder_version=&#8220;4.22.1&#8243; _module_preset=&#8220;default&#8220; global_colors_info=&#8220;{}&#8220;][\/dipi_carousel_child][dipi_carousel_child img_src=&#8220;https:\/\/hospodadubina.cz\/wp-content\/uploads\/2023\/09\/960x600_SVATBY_6.webp&#8220; _builder_version=&#8220;4.22.1&#8243; _module_preset=&#8220;default&#8220; global_colors_info=&#8220;{}&#8220;][\/dipi_carousel_child][\/dipi_carousel][\/et_pb_column][et_pb_column type=&#8220;1_2&#8243; _builder_version=&#8220;4.22.2&#8243; _module_preset=&#8220;default&#8220; pac_drh_add_staking_order_mob=&#8220;pac_drh_order_mob_one&#8220; global_colors_info=&#8220;{}&#8220;][et_pb_text _builder_version=&#8220;4.22.2&#8243; _module_preset=&#8220;default&#8220; header_2_font=&#8220;STIX Two Text||||||||&#8220; header_2_text_align=&#8220;right&#8220; header_2_text_color=&#8220;gcid-610a872e-2b8e-4ec1-a657-c65568daa012&#8243; header_2_font_size=&#8220;50px&#8220; text_orientation=&#8220;right&#8220; module_alignment=&#8220;center&#8220; custom_margin=&#8220;4vw||||false|false&#8220; custom_padding=&#8220;|||5vw|false|false&#8220; custom_padding_tablet=&#8220;|||5vw|false|false&#8220; custom_padding_phone=&#8220;|||3vw|false|false&#8220; custom_padding_last_edited=&#8220;on|phone&#8220; locked=&#8220;off&#8220; global_colors_info=&#8220;{%22gcid-610a872e-2b8e-4ec1-a657-c65568daa012%22:%91%22header_2_text_color%22%93}&#8220;]<\/p>\n<h2 style=\"text-align: left;\">Svatby<\/h2>\n<p>[\/et_pb_text][et_pb_text _builder_version=&#8220;4.22.2&#8243; _module_preset=&#8220;default&#8220; text_text_color=&#8220;#f0ede6&#8243; text_font_size=&#8220;15px&#8220; text_line_height=&#8220;1.3em&#8220; text_orientation=&#8220;justified&#8220; module_alignment=&#8220;center&#8220; custom_margin=&#8220;||||false|false&#8220; custom_padding=&#8220;|5vw||5vw|false|true&#8220; custom_padding_tablet=&#8220;|5vw||5vw|false|true&#8220; custom_padding_phone=&#8220;|3vw|2vw|3vw|false|true&#8220; custom_padding_last_edited=&#8220;on|phone&#8220; locked=&#8220;off&#8220; global_colors_info=&#8220;{}&#8220;]<\/p>\n<p><span style=\"font-weight: 400;\">\u0158\u00edci si ANO v p\u0159\u00edtomnosti mocn\u00e9 Oh\u0159e m\u00e1 s\u00edlu. N\u00e1\u0161 t\u00fdm m\u00e1 nav\u00edc bohatou zku\u0161enost, z\u00e1zem\u00ed a\u00a0 arzen\u00e1l dopl\u0148k\u016f, kter\u00e9 dodaj\u00ed va\u0161emu velk\u00e9mu dni punc dokonalosti. R\u00e1di v\u00e1m pom\u016f\u017eeme s cateringem i organizac\u00ed a poskytneme v\u00e1m variabiln\u00ed prostory podle va\u0161ich pot\u0159eb. Na v\u00e1s bude jen si svou ud\u00e1lost naplno a bez starost\u00ed vychutnat.<\/span><\/p>\n<p>[\/et_pb_text][\/et_pb_column][\/et_pb_row][et_pb_row column_structure=&#8220;1_2,1_2&#8243; use_custom_gutter=&#8220;on&#8220; gutter_width=&#8220;1&#8243; _builder_version=&#8220;4.22.1&#8243; _module_preset=&#8220;default&#8220; width=&#8220;100%&#8220; custom_margin=&#8220;||||false|false&#8220; global_colors_info=&#8220;{}&#8220;][et_pb_column type=&#8220;1_2&#8243; _builder_version=&#8220;4.22.1&#8243; _module_preset=&#8220;default&#8220; global_colors_info=&#8220;{}&#8220;][et_pb_text _builder_version=&#8220;4.22.2&#8243; _module_preset=&#8220;default&#8220; header_2_font=&#8220;STIX Two Text||||||||&#8220; header_2_text_align=&#8220;right&#8220; header_2_text_color=&#8220;gcid-610a872e-2b8e-4ec1-a657-c65568daa012&#8243; header_2_font_size=&#8220;50px&#8220; module_alignment=&#8220;left&#8220; custom_margin=&#8220;4vw||||false|false&#8220; custom_padding=&#8220;|||5vw|false|false&#8220; custom_padding_tablet=&#8220;|||5vw|false|false&#8220; custom_padding_phone=&#8220;|||3vw|false|false&#8220; custom_padding_last_edited=&#8220;on|phone&#8220; locked=&#8220;off&#8220; global_colors_info=&#8220;{%22gcid-610a872e-2b8e-4ec1-a657-c65568daa012%22:%91%22header_2_text_color%22%93}&#8220;]<\/p>\n<h2 style=\"text-align: left;\">Salonek<\/h2>\n<p>[\/et_pb_text][et_pb_text _builder_version=&#8220;4.22.2&#8243; _module_preset=&#8220;default&#8220; text_text_color=&#8220;#f0ede6&#8243; text_font_size=&#8220;15px&#8220; text_line_height=&#8220;1.3em&#8220; text_orientation=&#8220;justified&#8220; module_alignment=&#8220;center&#8220; custom_margin=&#8220;||||false|false&#8220; custom_padding=&#8220;|5vw||5vw|false|true&#8220; custom_padding_tablet=&#8220;|5vw||5vw|false|true&#8220; custom_padding_phone=&#8220;|3vw|2vw|3vw|false|true&#8220; custom_padding_last_edited=&#8220;on|phone&#8220; locked=&#8220;off&#8220; global_colors_info=&#8220;{}&#8220;]<\/p>\n<p><span style=\"font-weight: 400;\">P\u0159iznan\u00e9 tr\u00e1my, police z kamene. \u00datuln\u00fd, dvaceti p\u011bti m\u00edstn\u00fd salonek s p\u0159ekr\u00e1sn\u00fdm v\u00fdhledem na \u0159eku si m\u016f\u017eete pronajmout samostatn\u011b, nebo spolu s cel\u00fdm s\u00e1lem a terasou. P\u0159i v\u011bt\u0161\u00ed akci najdete v t\u00e9to stylov\u011b za\u0159\u00edzen\u00e9 m\u00edstnosti vyt\u00e1p\u011bn\u00e9 krbov\u00fdmi kamny sv\u016fj raut. <\/span><\/p>\n<p>[\/et_pb_text][\/et_pb_column][et_pb_column type=&#8220;1_2&#8243; _builder_version=&#8220;4.22.1&#8243; _module_preset=&#8220;default&#8220; global_colors_info=&#8220;{}&#8220;][dipi_carousel columns=&#8220;1&#8243; container_padding=&#8220;0px|0px|0px|0px|true|false&#8220; loop_wide=&#8220;on&#8220; show_lightbox=&#8220;off&#8220; navigation=&#8220;on&#8220; navigation_prev_icon_yn=&#8220;on&#8220; navigation_prev_icon=&#8220;&#x34;||divi||400&#8243; navigation_next_icon_yn=&#8220;on&#8220; navigation_next_icon=&#8220;&#x35;||divi||400&#8243; navigation_size=&#8220;52&#8243; navigation_padding=&#8220;50&#8243; navigation_color=&#8220;#FFFFFF&#8220; navigation_position_left=&#8220;-23px&#8220; navigation_position_right=&#8220;-21px&#8220; _builder_version=&#8220;4.22.1&#8243; _module_preset=&#8220;default&#8220; global_colors_info=&#8220;{}&#8220;][dipi_carousel_child img_src=&#8220;https:\/\/hospodadubina.cz\/wp-content\/uploads\/2023\/09\/960x600_SALONEK_1.webp&#8220; _builder_version=&#8220;4.22.1&#8243; _module_preset=&#8220;default&#8220; global_colors_info=&#8220;{}&#8220;][\/dipi_carousel_child][dipi_carousel_child img_src=&#8220;https:\/\/hospodadubina.cz\/wp-content\/uploads\/2023\/09\/960x600_SALONEK_2.webp&#8220; _builder_version=&#8220;4.22.1&#8243; _module_preset=&#8220;default&#8220; global_colors_info=&#8220;{}&#8220;][\/dipi_carousel_child][dipi_carousel_child img_src=&#8220;https:\/\/hospodadubina.cz\/wp-content\/uploads\/2023\/09\/960x600_SALONEK_3-1.webp&#8220; _builder_version=&#8220;4.22.1&#8243; _module_preset=&#8220;default&#8220; global_colors_info=&#8220;{}&#8220;][\/dipi_carousel_child][\/dipi_carousel][\/et_pb_column][\/et_pb_row][\/et_pb_section]<\/p>\n","protected":false},"excerpt":{"rendered":"<p>Vesnick\u00fd s\u00e1lV prostorn\u00e9m tane\u010dn\u00edm s\u00e1lu s p\u00f3diem a dal\u0161\u00edmi p\u011bti odd\u011blen\u00fdmi prostory m\u016f\u017eete uspo\u0159\u00e1dat svou akci ve velk\u00e9m stylu. Svatba, ples, oslava narozenin, firemn\u00ed ve\u010d\u00edrek \u010di zakon\u010den\u00ed loveck\u00e9 sez\u00f3ny \u2013 nic nen\u00ed probl\u00e9m. R\u00e1di v\u00e1m pom\u016f\u017eeme s cateringem a organizac\u00ed a vyhov\u00edme t\u00e9m\u011b\u0159 ka\u017ed\u00e9mu va\u0161emu p\u0159\u00e1n\u00ed.Svatby, plesy, oslavy, firemn\u00ed akce a\u017e pro 300 host\u016f \u2022 [&hellip;]<\/p>\n","protected":false},"author":1,"featured_media":0,"parent":0,"menu_order":0,"comment_status":"closed","ping_status":"closed","template":"","meta":{"_et_pb_use_builder":"on","_et_pb_old_content":"","_et_gb_content_width":"","footnotes":""},"class_list":["post-21245203","page","type-page","status-publish","hentry"],"_links":{"self":[{"href":"https:\/\/hospodadubina.cz\/en\/wp-json\/wp\/v2\/pages\/21245203","targetHints":{"allow":["GET"]}}],"collection":[{"href":"https:\/\/hospodadubina.cz\/en\/wp-json\/wp\/v2\/pages"}],"about":[{"href":"https:\/\/hospodadubina.cz\/en\/wp-json\/wp\/v2\/types\/page"}],"author":[{"embeddable":true,"href":"https:\/\/hospodadubina.cz\/en\/wp-json\/wp\/v2\/users\/1"}],"replies":[{"embeddable":true,"href":"https:\/\/hospodadubina.cz\/en\/wp-json\/wp\/v2\/comments?post=21245203"}],"version-history":[{"count":2,"href":"https:\/\/hospodadubina.cz\/en\/wp-json\/wp\/v2\/pages\/21245203\/revisions"}],"predecessor-version":[{"id":21245984,"href":"https:\/\/hospodadubina.cz\/en\/wp-json\/wp\/v2\/pages\/21245203\/revisions\/21245984"}],"wp:attachment":[{"href":"https:\/\/hospodadubina.cz\/en\/wp-json\/wp\/v2\/media?parent=21245203"}],"curies":[{"name":"wp","href":"https:\/\/api.w.org\/{rel}","templated":true}]}}