{"id":21245519,"date":"2023-09-18T12:17:07","date_gmt":"2023-09-18T12:17:07","guid":{"rendered":"https:\/\/www.hospodadubina.cz\/?page_id=21245519"},"modified":"2025-10-16T18:25:27","modified_gmt":"2025-10-16T18:25:27","slug":"kontakt","status":"publish","type":"page","link":"https:\/\/hospodadubina.cz\/en\/kontakt\/","title":{"rendered":"Contact"},"content":{"rendered":"<p>[et_pb_section fb_built=&#8220;1&#8243; custom_padding_last_edited=&#8220;on|phone&#8220; _builder_version=&#8220;4.22.2&#8243; _module_preset=&#8220;default&#8220; background_color=&#8220;#f0ede6&#8243; custom_padding=&#8220;7vw||4px||false|false&#8220; custom_padding_tablet=&#8220;7vw||4px||false|false&#8220; custom_padding_phone=&#8220;18vw||4px||false|false&#8220; locked=&#8220;off&#8220; global_colors_info=&#8220;{}&#8220;][et_pb_row _builder_version=&#8220;4.22.1&#8243; _module_preset=&#8220;default&#8220; positioning=&#8220;none&#8220; position_origin_a=&#8220;top_center&#8220; vertical_offset=&#8220;260px&#8220; horizontal_offset=&#8220;0px&#8220; custom_margin=&#8220;||||false|false&#8220; scroll_fade=&#8220;0|25|25|57|0|100|74%&#8220; global_colors_info=&#8220;{}&#8220;][et_pb_column type=&#8220;4_4&#8243; _builder_version=&#8220;4.22.1&#8243; _module_preset=&#8220;default&#8220; global_colors_info=&#8220;{}&#8220;][et_pb_text _builder_version=&#8220;4.22.2&#8243; _module_preset=&#8220;default&#8220; text_font=&#8220;STIX Two Text||||||||&#8220; text_text_color=&#8220;#81898d&#8220; text_font_size=&#8220;25px&#8220; text_line_height=&#8220;1em&#8220; header_2_font=&#8220;STIX Two Text||||||||&#8220; header_2_text_color=&#8220;#81898d&#8220; header_2_font_size=&#8220;40px&#8220; header_2_line_height=&#8220;0.9em&#8220; text_orientation=&#8220;justified&#8220; custom_margin=&#8220;||0px||false|false&#8220; custom_padding=&#8220;||||false|true&#8220; custom_padding_tablet=&#8220;||||false|true&#8220; custom_padding_phone=&#8220;|0vw||0vw|false|true&#8220; custom_padding_last_edited=&#8220;on|phone&#8220; locked=&#8220;off&#8220; global_colors_info=&#8220;{}&#8220;]<\/p>\n<h2 style=\"text-align: center;\">Ozv\u011bte se n\u00e1m.<\/h2>\n<p>&nbsp;<\/p>\n<div id=\"gtx-trans\" style=\"position: absolute; left: 275px; top: 270px;\">\n<div class=\"gtx-trans-icon\"><\/div>\n<\/div>\n<p>[\/et_pb_text][et_pb_text _builder_version=&#8220;4.22.2&#8243; _module_preset=&#8220;default&#8220; text_font=&#8220;STIX Two Text||||||||&#8220; text_text_color=&#8220;#81898d&#8220; text_font_size=&#8220;24px&#8220; global_colors_info=&#8220;{}&#8220;]<\/p>\n<p style=\"text-align: center;\">Jsme tu pro v\u00e1s a s radost\u00ed v\u00e1m vyjdeme vst\u0159\u00edc.<\/p>\n<p>[\/et_pb_text][et_pb_image src=&#8220;https:\/\/hospodadubina.cz\/wp-content\/uploads\/2023\/09\/list_kontakt-kopie-250&#215;300.webp&#8220; _builder_version=&#8220;4.22.2&#8243; _module_preset=&#8220;default&#8220; positioning=&#8220;fixed&#8220; position_origin_f=&#8220;top_right&#8220; vertical_offset=&#8220;62px&#8220; horizontal_offset=&#8220;6px&#8220; vertical_offset_tablet=&#8220;62px&#8220; vertical_offset_phone=&#8220;33px&#8220; vertical_offset_last_edited=&#8220;on|phone&#8220; horizontal_offset_tablet=&#8220;6px&#8220; horizontal_offset_phone=&#8220;0px&#8220; horizontal_offset_last_edited=&#8220;on|phone&#8220; max_width_tablet=&#8220;&#8220; max_width_phone=&#8220;24%&#8220; max_width_last_edited=&#8220;on|phone&#8220; filter_opacity_tablet=&#8220;&#8220; filter_opacity_phone=&#8220;12%&#8220; filter_opacity_last_edited=&#8220;on|phone&#8220; global_colors_info=&#8220;{}&#8220;][\/et_pb_image][\/et_pb_column][\/et_pb_row][\/et_pb_section][et_pb_section fb_built=&#8220;1&#8243; _builder_version=&#8220;4.22.1&#8243; _module_preset=&#8220;default&#8220; background_color=&#8220;#b6a385&#8243; z_index=&#8220;39&#8243; locked=&#8220;off&#8220; global_colors_info=&#8220;{}&#8220;][et_pb_row column_structure=&#8220;1_2,1_2&#8243; _builder_version=&#8220;4.22.1&#8243; _module_preset=&#8220;default&#8220; width_tablet=&#8220;&#8220; width_phone=&#8220;100%&#8220; width_last_edited=&#8220;on|phone&#8220; global_colors_info=&#8220;{}&#8220;][et_pb_column type=&#8220;1_2&#8243; _builder_version=&#8220;4.22.0&#8243; _module_preset=&#8220;default&#8220; global_colors_info=&#8220;{}&#8220;][et_pb_text _builder_version=&#8220;4.22.1&#8243; _module_preset=&#8220;default&#8220; header_2_font=&#8220;STIX Two Text||||||||&#8220; header_2_text_color=&#8220;gcid-610a872e-2b8e-4ec1-a657-c65568daa012&#8243; header_2_font_size=&#8220;56px&#8220; module_alignment=&#8220;center&#8220; custom_margin=&#8220;|||0vw|false|false&#8220; custom_padding=&#8220;2vw||0vw|5vw|false|false&#8220; locked=&#8220;off&#8220; global_colors_info=&#8220;{%22gcid-610a872e-2b8e-4ec1-a657-c65568daa012%22:%91%22header_2_text_color%22%93}&#8220;]<\/p>\n<h2 style=\"text-align: left;\">Kontakt<\/h2>\n<p>[\/et_pb_text][\/et_pb_column][et_pb_column type=&#8220;1_2&#8243; _builder_version=&#8220;4.22.1&#8243; _module_preset=&#8220;default&#8220; global_colors_info=&#8220;{}&#8220;][et_pb_text _builder_version=&#8220;4.27.4&#8243; _module_preset=&#8220;default&#8220; text_text_color=&#8220;#f0ede6&#8243; text_font_size=&#8220;16px&#8220; text_line_height=&#8220;1.3em&#8220; header_5_text_color=&#8220;#f0ede6&#8243; header_5_line_height=&#8220;1.3em&#8220; text_orientation=&#8220;justified&#8220; custom_margin=&#8220;0vw||||false|false&#8220; custom_padding=&#8220;|5vw||5vw|false|true&#8220; hover_enabled=&#8220;0&#8243; global_colors_info=&#8220;{}&#8220; sticky_enabled=&#8220;0&#8243;]<\/p>\n<p>Hospoda a penzion Dubina<br \/>Dubina 30<br \/>362 72 Kyselka<\/p>\n<p>Tel.:\u00a0 \u00a0 \u00a0+420 353 941 299<br \/>Mobil: <span>+420 724 125 501<\/span><\/p>\n<h5><a href=\"mailto:info@hospodadubina.cz\">info@hospodadubina.cz<\/a><\/h5>\n<p>[\/et_pb_text][\/et_pb_column][\/et_pb_row][et_pb_row _builder_version=&#8220;4.22.1&#8243; _module_preset=&#8220;default&#8220; width_tablet=&#8220;&#8220; width_phone=&#8220;100%&#8220; width_last_edited=&#8220;on|phone&#8220; max_width_tablet=&#8220;&#8220; max_width_phone=&#8220;&#8220; max_width_last_edited=&#8220;on|phone&#8220; global_colors_info=&#8220;{}&#8220;][et_pb_column type=&#8220;4_4&#8243; _builder_version=&#8220;4.22.1&#8243; _module_preset=&#8220;default&#8220; global_colors_info=&#8220;{}&#8220;][et_pb_image src=&#8220;https:\/\/hospodadubina.cz\/wp-content\/uploads\/2023\/09\/1200x400_kontakt-kopie.webp&#8220; title_text=&#8220;pro-cyklisty&#8220; _builder_version=&#8220;4.22.1&#8243; _module_preset=&#8220;default&#8220; z_index=&#8220;0&#8243; width=&#8220;100%&#8220; custom_margin=&#8220;||14px||false|false&#8220; global_colors_info=&#8220;{}&#8220;][\/et_pb_image][\/et_pb_column][\/et_pb_row][\/et_pb_section][et_pb_section fb_built=&#8220;1&#8243; _builder_version=&#8220;4.22.1&#8243; _module_preset=&#8220;default&#8220; background_color=&#8220;#f0ede6&#8243; global_colors_info=&#8220;{}&#8220;][et_pb_row column_structure=&#8220;1_2,1_2&#8243; _builder_version=&#8220;4.22.1&#8243; _module_preset=&#8220;default&#8220; width_tablet=&#8220;&#8220; width_phone=&#8220;100%&#8220; width_last_edited=&#8220;on|phone&#8220; global_colors_info=&#8220;{}&#8220;][et_pb_column type=&#8220;1_2&#8243; _builder_version=&#8220;4.22.1&#8243; _module_preset=&#8220;default&#8220; global_colors_info=&#8220;{}&#8220;][et_pb_text _builder_version=&#8220;4.22.2&#8243; _module_preset=&#8220;default&#8220; custom_padding=&#8220;|0vw||0vw|false|true&#8220; custom_padding_tablet=&#8220;|0vw||0vw|false|true&#8220; custom_padding_phone=&#8220;|0vw||0vw|false|true&#8220; custom_padding_last_edited=&#8220;on|desktop&#8220; global_colors_info=&#8220;{}&#8220;]<\/p>\n<p>Zpr\u00e1va pro n\u00e1s<\/p>\n<p>[\/et_pb_text][et_pb_contact_form captcha=&#8220;off&#8220; email=&#8220;info@hospodadubina.cz&#8220; success_message=&#8220;Odesl\u00e1no. D\u011bkujeme.&#8220; _builder_version=&#8220;4.22.2&#8243; _module_preset=&#8220;default&#8220; _unique_id=&#8220;f35d6515-68d5-4db4-b696-4a00df4cfe98&#8243; form_field_background_color=&#8220;#FFFFFF&#8220; form_field_text_color=&#8220;#87968c&#8220; custom_button=&#8220;on&#8220; button_text_color=&#8220;#FFFFFF&#8220; button_bg_color=&#8220;#a4bf9b&#8220; button_border_width=&#8220;0px&#8220; custom_padding=&#8220;|0vw||0vw|false|true&#8220; custom_padding_tablet=&#8220;|0vw||0vw|false|true&#8220; custom_padding_phone=&#8220;|0vw||0vw|false|true&#8220; custom_padding_last_edited=&#8220;on|desktop&#8220; global_colors_info=&#8220;{}&#8220;][et_pb_contact_field field_id=&#8220;Name&#8220; field_title=&#8220;Jm\u00e9no&#8220; _builder_version=&#8220;4.16&#8243; global_colors_info=&#8220;{}&#8220; button_text_size__hover_enabled=&#8220;off&#8220; button_one_text_size__hover_enabled=&#8220;off&#8220; button_two_text_size__hover_enabled=&#8220;off&#8220; button_text_color__hover_enabled=&#8220;off&#8220; button_one_text_color__hover_enabled=&#8220;off&#8220; button_two_text_color__hover_enabled=&#8220;off&#8220; button_border_width__hover_enabled=&#8220;off&#8220; button_one_border_width__hover_enabled=&#8220;off&#8220; button_two_border_width__hover_enabled=&#8220;off&#8220; button_border_color__hover_enabled=&#8220;off&#8220; button_one_border_color__hover_enabled=&#8220;off&#8220; button_two_border_color__hover_enabled=&#8220;off&#8220; button_border_radius__hover_enabled=&#8220;off&#8220; button_one_border_radius__hover_enabled=&#8220;off&#8220; button_two_border_radius__hover_enabled=&#8220;off&#8220; button_letter_spacing__hover_enabled=&#8220;off&#8220; button_one_letter_spacing__hover_enabled=&#8220;off&#8220; button_two_letter_spacing__hover_enabled=&#8220;off&#8220; button_bg_color__hover_enabled=&#8220;off&#8220; button_one_bg_color__hover_enabled=&#8220;off&#8220; button_two_bg_color__hover_enabled=&#8220;off&#8220;][\/et_pb_contact_field][et_pb_contact_field field_id=&#8220;Email&#8220; field_title=&#8220;E-mailov\u00e1 adresa&#8220; field_type=&#8220;email&#8220; _builder_version=&#8220;4.16&#8243; global_colors_info=&#8220;{}&#8220; button_text_size__hover_enabled=&#8220;off&#8220; button_one_text_size__hover_enabled=&#8220;off&#8220; button_two_text_size__hover_enabled=&#8220;off&#8220; button_text_color__hover_enabled=&#8220;off&#8220; button_one_text_color__hover_enabled=&#8220;off&#8220; button_two_text_color__hover_enabled=&#8220;off&#8220; button_border_width__hover_enabled=&#8220;off&#8220; button_one_border_width__hover_enabled=&#8220;off&#8220; button_two_border_width__hover_enabled=&#8220;off&#8220; button_border_color__hover_enabled=&#8220;off&#8220; button_one_border_color__hover_enabled=&#8220;off&#8220; button_two_border_color__hover_enabled=&#8220;off&#8220; button_border_radius__hover_enabled=&#8220;off&#8220; button_one_border_radius__hover_enabled=&#8220;off&#8220; button_two_border_radius__hover_enabled=&#8220;off&#8220; button_letter_spacing__hover_enabled=&#8220;off&#8220; button_one_letter_spacing__hover_enabled=&#8220;off&#8220; button_two_letter_spacing__hover_enabled=&#8220;off&#8220; button_bg_color__hover_enabled=&#8220;off&#8220; button_one_bg_color__hover_enabled=&#8220;off&#8220; button_two_bg_color__hover_enabled=&#8220;off&#8220;][\/et_pb_contact_field][et_pb_contact_field field_id=&#8220;Message&#8220; field_title=&#8220;Zpr\u00e1va&#8220; field_type=&#8220;text&#8220; fullwidth_field=&#8220;on&#8220; _builder_version=&#8220;4.16&#8243; global_colors_info=&#8220;{}&#8220; button_text_size__hover_enabled=&#8220;off&#8220; button_one_text_size__hover_enabled=&#8220;off&#8220; button_two_text_size__hover_enabled=&#8220;off&#8220; button_text_color__hover_enabled=&#8220;off&#8220; button_one_text_color__hover_enabled=&#8220;off&#8220; button_two_text_color__hover_enabled=&#8220;off&#8220; button_border_width__hover_enabled=&#8220;off&#8220; button_one_border_width__hover_enabled=&#8220;off&#8220; button_two_border_width__hover_enabled=&#8220;off&#8220; button_border_color__hover_enabled=&#8220;off&#8220; button_one_border_color__hover_enabled=&#8220;off&#8220; button_two_border_color__hover_enabled=&#8220;off&#8220; button_border_radius__hover_enabled=&#8220;off&#8220; button_one_border_radius__hover_enabled=&#8220;off&#8220; button_two_border_radius__hover_enabled=&#8220;off&#8220; button_letter_spacing__hover_enabled=&#8220;off&#8220; button_one_letter_spacing__hover_enabled=&#8220;off&#8220; button_two_letter_spacing__hover_enabled=&#8220;off&#8220; button_bg_color__hover_enabled=&#8220;off&#8220; button_one_bg_color__hover_enabled=&#8220;off&#8220; button_two_bg_color__hover_enabled=&#8220;off&#8220;][\/et_pb_contact_field][\/et_pb_contact_form][\/et_pb_column][et_pb_column type=&#8220;1_2&#8243; _builder_version=&#8220;4.22.1&#8243; _module_preset=&#8220;default&#8220; global_colors_info=&#8220;{}&#8220;][et_pb_map zoom_level=&#8220;11&#8243; address_lat=&#8220;50.238899155808&#8243; address_lng=&#8220;12.955632396926&#8243; _builder_version=&#8220;4.22.1&#8243; _module_preset=&#8220;default&#8220; global_colors_info=&#8220;{}&#8220;][et_pb_map_pin pin_address=&#8220;Dubina 30, 362 72 \u0160emnice, \u010cesko&#8220; pin_address_lat=&#8220;50.2439451&#8243; pin_address_lng=&#8220;12.991639&#8243; _builder_version=&#8220;4.22.1&#8243; _module_preset=&#8220;default&#8220; global_colors_info=&#8220;{}&#8220;][\/et_pb_map_pin][\/et_pb_map][\/et_pb_column][\/et_pb_row][\/et_pb_section][et_pb_section fb_built=&#8220;1&#8243; _builder_version=&#8220;4.22.1&#8243; _module_preset=&#8220;default&#8220; global_colors_info=&#8220;{}&#8220;][et_pb_row column_structure=&#8220;1_3,1_3,1_3&#8243; _builder_version=&#8220;4.22.2&#8243; _module_preset=&#8220;default&#8220; global_colors_info=&#8220;{}&#8220;][et_pb_column type=&#8220;1_3&#8243; _builder_version=&#8220;4.22.1&#8243; _module_preset=&#8220;default&#8220; global_colors_info=&#8220;{}&#8220;][et_pb_image src=&#8220;https:\/\/hospodadubina.cz\/wp-content\/uploads\/2023\/09\/unnamed-300&#215;90.jpeg&#8220; _builder_version=&#8220;4.22.1&#8243; _module_preset=&#8220;default&#8220; max_width=&#8220;89%&#8220; global_colors_info=&#8220;{}&#8220;][\/et_pb_image][\/et_pb_column][et_pb_column type=&#8220;1_3&#8243; _builder_version=&#8220;4.22.1&#8243; _module_preset=&#8220;default&#8220; global_colors_info=&#8220;{}&#8220;][et_pb_image src=&#8220;https:\/\/hospodadubina.cz\/wp-content\/uploads\/2023\/09\/logo_PNO-300&#215;126.png&#8220; _builder_version=&#8220;4.22.1&#8243; _module_preset=&#8220;default&#8220; max_width=&#8220;63%&#8220; global_colors_info=&#8220;{}&#8220;][\/et_pb_image][\/et_pb_column][et_pb_column type=&#8220;1_3&#8243; _builder_version=&#8220;4.22.1&#8243; _module_preset=&#8220;default&#8220; global_colors_info=&#8220;{}&#8220;][et_pb_image src=&#8220;https:\/\/hospodadubina.cz\/wp-content\/uploads\/2023\/09\/logo_MK.png&#8220; _builder_version=&#8220;4.22.1&#8243; _module_preset=&#8220;default&#8220; global_colors_info=&#8220;{}&#8220;][\/et_pb_image][\/et_pb_column][\/et_pb_row][et_pb_row _builder_version=&#8220;4.27.4&#8243; _module_preset=&#8220;default&#8220; global_colors_info=&#8220;{}&#8220;][et_pb_column type=&#8220;4_4&#8243; _builder_version=&#8220;4.27.4&#8243; _module_preset=&#8220;default&#8220; global_colors_info=&#8220;{}&#8220;][et_pb_code _builder_version=&#8220;4.27.4&#8243; _module_preset=&#8220;default&#8220; global_colors_info=&#8220;{}&#8220;]<a href=\"https:\/\/www.kudyznudy.cz\/?utm_source=kzn&#038;utm_medium=partneri_kzn&#038;utm_campaign=banner\" target=\"_blank\"><img loading=\"lazy\" decoding=\"async\" src=\"https:\/\/www.kudyznudy.cz\/getmedia\/b2b0f51b-aefb-4ebd-a47a-92816babdb30\/1012102023-online-bannery-hq-728x90.jpg.aspx\" width=\"728\"  height=\"90\" alt=\"Kudyznudy.cz \u2013 nejlep\u0161\u00ed za\u010d\u00e1tek v\u00fdletu\"><\/a>[\/et_pb_code][\/et_pb_column][\/et_pb_row][et_pb_row _builder_version=&#8220;4.22.1&#8243; _module_preset=&#8220;default&#8220; global_colors_info=&#8220;{}&#8220;][et_pb_column type=&#8220;4_4&#8243; _builder_version=&#8220;4.22.1&#8243; _module_preset=&#8220;default&#8220; global_colors_info=&#8220;{}&#8220;][et_pb_text _builder_version=&#8220;4.22.1&#8243; _module_preset=&#8220;default&#8220; text_font_size=&#8220;15px&#8220; global_colors_info=&#8220;{}&#8220;]<\/p>\n<p style=\"text-align: center;\">Projekt (Webov\u00e9 str\u00e1nky Dubina s registra\u010dn\u00edm \u010d\u00edslem 0380001146) zam\u011b\u0159en\u00fd na kreativn\u00ed vouchery byl financovan\u00fd Evropskou uni\u00ed \u2013 Next Generation EU<\/p>\n<p>[\/et_pb_text][\/et_pb_column][\/et_pb_row][\/et_pb_section]<\/p>\n","protected":false},"excerpt":{"rendered":"<p>Get back to us.   We are here for you and will be happy to help you.ContactInn and pension DubinaDubina 30362 72 Kyselka Tel.: +420 353 941 299Mobil: +420 724 125 501 info@hospodadubina.czZpr\u00e1va for usThe project (Dubina website with registration number 0380001146) focused on creative vouchers was funded by the European Union - Next Generation EU<\/p>","protected":false},"author":1,"featured_media":0,"parent":0,"menu_order":0,"comment_status":"closed","ping_status":"closed","template":"","meta":{"_et_pb_use_builder":"on","_et_pb_old_content":"","_et_gb_content_width":"","footnotes":""},"class_list":["post-21245519","page","type-page","status-publish","hentry"],"_links":{"self":[{"href":"https:\/\/hospodadubina.cz\/en\/wp-json\/wp\/v2\/pages\/21245519","targetHints":{"allow":["GET"]}}],"collection":[{"href":"https:\/\/hospodadubina.cz\/en\/wp-json\/wp\/v2\/pages"}],"about":[{"href":"https:\/\/hospodadubina.cz\/en\/wp-json\/wp\/v2\/types\/page"}],"author":[{"embeddable":true,"href":"https:\/\/hospodadubina.cz\/en\/wp-json\/wp\/v2\/users\/1"}],"replies":[{"embeddable":true,"href":"https:\/\/hospodadubina.cz\/en\/wp-json\/wp\/v2\/comments?post=21245519"}],"version-history":[{"count":3,"href":"https:\/\/hospodadubina.cz\/en\/wp-json\/wp\/v2\/pages\/21245519\/revisions"}],"predecessor-version":[{"id":21245990,"href":"https:\/\/hospodadubina.cz\/en\/wp-json\/wp\/v2\/pages\/21245519\/revisions\/21245990"}],"wp:attachment":[{"href":"https:\/\/hospodadubina.cz\/en\/wp-json\/wp\/v2\/media?parent=21245519"}],"curies":[{"name":"wp","href":"https:\/\/api.w.org\/{rel}","templated":true}]}}