{"id":21245901,"date":"2025-04-15T09:25:55","date_gmt":"2025-04-15T09:25:55","guid":{"rendered":"https:\/\/www.hospodadubina.cz\/?page_id=21245901"},"modified":"2026-04-08T17:45:34","modified_gmt":"2026-04-08T17:45:34","slug":"akce","status":"publish","type":"page","link":"https:\/\/hospodadubina.cz\/en\/akce\/","title":{"rendered":"Events"},"content":{"rendered":"<p>[et_pb_section fb_built=&#8220;1&#8243; _builder_version=&#8220;4.22.1&#8243; _module_preset=&#8220;default&#8220; background_color=&#8220;#dbd2c3&#8243; global_colors_info=&#8220;{}&#8220;][et_pb_row _builder_version=&#8220;4.27.4&#8243; _module_preset=&#8220;default&#8220; background_color=&#8220;RGBA(255,255,255,0)&#8220; positioning=&#8220;none&#8220; position_origin_f=&#8220;top_center&#8220; vertical_offset=&#8220;84px&#8220; z_index=&#8220;3&#8243; custom_margin=&#8220;||||false|false&#8220; global_colors_info=&#8220;{}&#8220;][et_pb_column type=&#8220;4_4&#8243; _builder_version=&#8220;4.22.0&#8243; _module_preset=&#8220;default&#8220; global_colors_info=&#8220;{}&#8220;][et_pb_text _builder_version=&#8220;4.27.4&#8243; _module_preset=&#8220;default&#8220; header_2_font=&#8220;STIX Two Text||||||||&#8220; header_2_text_align=&#8220;center&#8220; header_2_text_color=&#8220;#f0ede6&#8243; header_2_font_size=&#8220;13vw&#8220; background_color=&#8220;RGBA(255,255,255,0)&#8220; position_origin_f=&#8220;top_center&#8220; vertical_offset=&#8220;60px&#8220; z_index=&#8220;100&#8243; custom_margin=&#8220;6vw||||false|false&#8220; custom_margin_tablet=&#8220;6vw||||false|false&#8220; custom_margin_phone=&#8220;6vw||||false|false&#8220; custom_margin_last_edited=&#8220;on|desktop&#8220; global_colors_info=&#8220;{}&#8220;]<\/p>\n<h2>Akce<\/h2>\n<p>[\/et_pb_text][et_pb_text _builder_version=&#8220;4.27.4&#8243; _module_preset=&#8220;default&#8220; header_2_font=&#8220;STIX Two Text||||||||&#8220; header_2_text_align=&#8220;center&#8220; header_2_text_color=&#8220;#f0ede6&#8243; header_2_font_size=&#8220;2vw&#8220; background_color=&#8220;RGBA(255,255,255,0)&#8220; position_origin_f=&#8220;top_center&#8220; vertical_offset=&#8220;60px&#8220; z_index=&#8220;100&#8243; custom_margin=&#8220;6vw||||false|false&#8220; custom_margin_tablet=&#8220;6vw||||false|false&#8220; custom_margin_phone=&#8220;6vw||||false|false&#8220; custom_margin_last_edited=&#8220;on|desktop&#8220; global_colors_info=&#8220;{}&#8220;]<\/p>\n<h2>Aktu\u00e1ln\u00ed<\/h2>\n<p>[\/et_pb_text][et_pb_image src=&#8220;https:\/\/hospodadubina.cz\/wp-content\/uploads\/2023\/09\/listy_restaurace-kopie-177&#215;300.webp&#8220; _builder_version=&#8220;4.22.2&#8243; _module_preset=&#8220;default&#8220; positioning=&#8220;fixed&#8220; position_origin_f=&#8220;top_right&#8220; vertical_offset=&#8220;72px&#8220; horizontal_offset=&#8220;-7px&#8220; filter_opacity=&#8220;55%&#8220; filter_opacity_tablet=&#8220;55%&#8220; filter_opacity_phone=&#8220;10%&#8220; filter_opacity_last_edited=&#8220;on|phone&#8220; global_colors_info=&#8220;{}&#8220;][\/et_pb_image][et_pb_image src=&#8220;https:\/\/hospodadubina.cz\/wp-content\/uploads\/2023\/09\/listy_restaurace2.webp&#8220; _builder_version=&#8220;4.22.2&#8243; _module_preset=&#8220;default&#8220; positioning=&#8220;fixed&#8220; vertical_offset=&#8220;96px&#8220; horizontal_offset=&#8220;-62px&#8220; height=&#8220;520px&#8220; max_height=&#8220;10800px&#8220; filter_opacity=&#8220;41%&#8220; filter_brightness_tablet=&#8220;&#8220; filter_brightness_phone=&#8220;&#8220; filter_brightness_last_edited=&#8220;on|phone&#8220; filter_opacity_tablet=&#8220;41%&#8220; filter_opacity_phone=&#8220;10%&#8220; filter_opacity_last_edited=&#8220;on|phone&#8220; global_colors_info=&#8220;{}&#8220;][\/et_pb_image][\/et_pb_column][\/et_pb_row][et_pb_row custom_padding_last_edited=&#8220;on|desktop&#8220; _builder_version=&#8220;4.27.4&#8243; _module_preset=&#8220;default&#8220; width_tablet=&#8220;&#8220; width_phone=&#8220;100%&#8220; width_last_edited=&#8220;on|phone&#8220; custom_margin=&#8220;0px||0px||false|false&#8220; custom_margin_tablet=&#8220;0px||0px||false|false&#8220; custom_margin_phone=&#8220;0px||0px||false|false&#8220; custom_margin_last_edited=&#8220;on|desktop&#8220; custom_padding=&#8220;0px||0px|14vw|false|false&#8220; custom_padding_tablet=&#8220;0px||0px|14vw|false|false&#8220; custom_padding_phone=&#8220;0px||0px|1vw|false|false&#8220; global_colors_info=&#8220;{}&#8220;][et_pb_column type=&#8220;4_4&#8243; _builder_version=&#8220;4.27.4&#8243; _module_preset=&#8220;default&#8220; global_colors_info=&#8220;{}&#8220;][dvmd_table_maker tbl_column_header_count=&#8220;0&#8243; tbl_row_header_count=&#8220;0&#8243; tbl_row_min_height=&#8220;40px&#8220; tbl_responsive_breakpoint=&#8220;max_width_767&#8243; tbl_responsive_break_by=&#8220;row&#8220; tbl_scrolling_active=&#8220;on&#8220; tbl_frame_type=&#8220;none&#8220; tbl_row_min_height_tablet=&#8220;27px&#8220; tbl_row_min_height_phone=&#8220;40px&#8220; tbl_row_min_height_last_edited=&#8220;on|desktop&#8220; _builder_version=&#8220;4.27.5&#8243; _module_preset=&#8220;default&#8220; hover_enabled=&#8220;0&#8243; global_colors_info=&#8220;{}&#8220; sticky_enabled=&#8220;0&#8243;][dvmd_table_maker_item col_content=&#8220;18.4.2026<br \/>\n18.7.2026<br \/>\n15.8.2026<br \/>\n14-15.11.2026&#8243; col_column_max_width=&#8220;0.3fr&#8220; col_tcell_cell_color=&#8220;RGBA(255,255,255,0)&#8220; col_rhead_cell_color=&#8220;RGBA(255,255,255,0)&#8220; _builder_version=&#8220;4.27.5&#8243; _module_preset=&#8220;default&#8220; col_tcell_text_font=&#8220;|300|||||||&#8220; col_tcell_text_text_color=&#8220;#555555&#8243; col_tcell_text_font_size=&#8220;20px&#8220; col_chead_text_text_color=&#8220;RGBA(255,255,255,0)&#8220; hover_enabled=&#8220;0&#8243; global_colors_info=&#8220;{}&#8220; sticky_enabled=&#8220;0&#8243;][\/dvmd_table_maker_item][dvmd_table_maker_item col_content=&#8220;Fotbalov\u00e1 z\u00e1bava SK Kyselka<br \/>\nPorchetta<br \/>\nPorchetta<br \/>\nSvatomartinsk\u00e9 hody&#8220; col_button_text=&#8220;V\u00edce&#8220; col_button_url=&#8220;https:\/\/www.facebook.com\/photo?fbid=1426517729474118&#038;set=a.533832662075967&#8243; col_button_target=&#8220;_blank&#8220; col_button_width=&#8220;inline-block&#8220; col_tcell_cell_color=&#8220;RGBA(255,255,255,0)&#8220; col_tcell_cell_padding=&#8220;|||8px|false|false&#8220; _builder_version=&#8220;4.27.5&#8243; _module_preset=&#8220;default&#8220; col_tcell_text_font=&#8220;|300|||||||&#8220; col_tcell_text_text_color=&#8220;#555555&#8243; col_tcell_text_font_size=&#8220;20px&#8220; custom_button=&#8220;on&#8220; button_text_size=&#8220;14px&#8220; button_text_color=&#8220;#000000&#8243; button_use_icon=&#8220;off&#8220; hover_enabled=&#8220;0&#8243; global_colors_info=&#8220;{}&#8220; sticky_enabled=&#8220;0&#8243;][\/dvmd_table_maker_item][\/dvmd_table_maker][\/et_pb_column][\/et_pb_row][et_pb_row _builder_version=&#8220;4.27.4&#8243; _module_preset=&#8220;default&#8220; global_colors_info=&#8220;{}&#8220;][et_pb_column type=&#8220;4_4&#8243; _builder_version=&#8220;4.27.4&#8243; _module_preset=&#8220;default&#8220; global_colors_info=&#8220;{}&#8220;][et_pb_text _builder_version=&#8220;4.27.4&#8243; _module_preset=&#8220;default&#8220; header_2_font=&#8220;STIX Two Text||||||||&#8220; header_2_text_align=&#8220;center&#8220; header_2_text_color=&#8220;#f0ede6&#8243; header_2_font_size=&#8220;2vw&#8220; background_color=&#8220;RGBA(255,255,255,0)&#8220; position_origin_f=&#8220;top_center&#8220; vertical_offset=&#8220;60px&#8220; z_index=&#8220;100&#8243; custom_margin=&#8220;6vw||||false|false&#8220; custom_margin_tablet=&#8220;6vw||||false|false&#8220; custom_margin_phone=&#8220;6vw||||false|false&#8220; custom_margin_last_edited=&#8220;on|desktop&#8220; hover_enabled=&#8220;0&#8243; global_colors_info=&#8220;{}&#8220; sticky_enabled=&#8220;0&#8243;]<\/p>\n<h2>Prob\u011bhl\u00e9<\/h2>\n<p>[\/et_pb_text][\/et_pb_column][\/et_pb_row][et_pb_row custom_padding_last_edited=&#8220;on|desktop&#8220; _builder_version=&#8220;4.27.4&#8243; _module_preset=&#8220;default&#8220; width_tablet=&#8220;&#8220; width_phone=&#8220;100%&#8220; width_last_edited=&#8220;on|phone&#8220; custom_margin=&#8220;0px||0px||false|false&#8220; custom_margin_tablet=&#8220;0px||0px||false|false&#8220; custom_margin_phone=&#8220;0px||0px||false|false&#8220; custom_margin_last_edited=&#8220;on|desktop&#8220; custom_padding=&#8220;0px||0px|14vw|false|false&#8220; custom_padding_tablet=&#8220;0px||0px|14vw|false|false&#8220; custom_padding_phone=&#8220;0px||0px|1vw|false|false&#8220; global_colors_info=&#8220;{}&#8220;][et_pb_column type=&#8220;4_4&#8243; _builder_version=&#8220;4.27.4&#8243; _module_preset=&#8220;default&#8220; global_colors_info=&#8220;{}&#8220;][dvmd_table_maker tbl_column_header_count=&#8220;0&#8243; tbl_row_header_count=&#8220;0&#8243; tbl_row_min_height=&#8220;40px&#8220; tbl_responsive_breakpoint=&#8220;max_width_767&#8243; tbl_responsive_break_by=&#8220;row&#8220; tbl_scrolling_active=&#8220;on&#8220; tbl_frame_type=&#8220;none&#8220; tbl_row_min_height_tablet=&#8220;27px&#8220; tbl_row_min_height_phone=&#8220;40px&#8220; tbl_row_min_height_last_edited=&#8220;on|desktop&#8220; _builder_version=&#8220;4.27.5&#8243; _module_preset=&#8220;default&#8220; hover_enabled=&#8220;0&#8243; global_colors_info=&#8220;{}&#8220; sticky_enabled=&#8220;0&#8243;][dvmd_table_maker_item col_content=&#8220;15.3.2026<br \/>\n3.-5.4.2026<br \/>\n10.1.2026<br \/>\n17.1.2026<br \/>\n14.2.2026<br \/>\n28.2.2026<br \/>\n18.01.2025<br \/>\n25.01.2025<br \/>\n14.02.2025<br \/>\n07.03.2025<br \/>\n08.03.2025<br \/>\n14.03.2025<br \/>\n04.04.2025<br \/>\n12.04.2025<br \/>\n19.-20.4.2025<br \/>\n4.10.2025<br \/>\n11.10.2025<br \/>\n1.11.2025<br \/>\n15-16.11.2025&#8243; col_column_max_width=&#8220;0.3fr&#8220; col_tcell_cell_color=&#8220;RGBA(255,255,255,0)&#8220; col_rhead_cell_color=&#8220;RGBA(255,255,255,0)&#8220; _builder_version=&#8220;4.27.5&#8243; _module_preset=&#8220;default&#8220; col_tcell_text_font=&#8220;|300|||||||&#8220; col_tcell_text_text_color=&#8220;#555555&#8243; col_tcell_text_font_size=&#8220;20px&#8220; col_chead_text_text_color=&#8220;RGBA(255,255,255,0)&#8220; hover_enabled=&#8220;0&#8243; global_colors_info=&#8220;{}&#8220; sticky_enabled=&#8220;0&#8243;][\/dvmd_table_maker_item][dvmd_table_maker_item col_content=&#8220;Masopust<br \/>\nVelikono\u010dn\u00ed hody<br \/>\nMysliveck\u00fd ples And\u011blsk\u00e1 hora<br \/>\nMysliveck\u00fd ples Bor<br \/>\nV. Reprezenta\u010dn\u00ed ples obce Kyselka<br \/>\n3. Reprezenta\u010dn\u00ed ples obce \u0160emnice<br \/>\nMysliveck\u00fd ples<br \/>\nTradi\u010dn\u00ed lesnick\u00fd ples LS Doln\u00ed Lomnice<br \/>\nIV. Reprezenta\u010dn\u00ed ples obce Kyselka<br \/>\nP\u0159edn\u00e1\u0161ka Jana Mat\u011bj\u016f-Doupovsk\u00e9 hory<br \/>\nMasopust<br \/>\n2. Reprezenta\u010dn\u00ed ples obce \u0160emnice<br \/>\nKoncert Roh\u00e1\u010di<br \/>\nFotbalov\u00e1 z\u00e1bava Kyselka<br \/>\nVelikono\u010dn\u00ed hody<br \/>\nSwing kurz a tan\u010d\u00edrna &#8211; info zde<br \/>\nKoncert Blues<br \/>\nHalloween<br \/>\nSvatomartinsk\u00e9 hody&#8220; col_tcell_cell_color=&#8220;RGBA(255,255,255,0)&#8220; col_tcell_cell_padding=&#8220;|||8px|false|false&#8220; _builder_version=&#8220;4.27.5&#8243; _module_preset=&#8220;default&#8220; col_tcell_text_font=&#8220;|300|||||||&#8220; col_tcell_text_text_color=&#8220;#555555&#8243; col_tcell_text_font_size=&#8220;20px&#8220; hover_enabled=&#8220;0&#8243; global_colors_info=&#8220;{}&#8220; sticky_enabled=&#8220;0&#8243;][\/dvmd_table_maker_item][\/dvmd_table_maker][\/et_pb_column][\/et_pb_row][\/et_pb_section]<\/p>\n","protected":false},"excerpt":{"rendered":"<p>EventsCurrent<div class=\"et_pb_module dvmd_table_maker dvmd_table_maker_0 dvmd_tm_version_3_2_0\">\n\t\t\t\t\n\t\t\t\t\n\t\t\t\t\n\t\t\t\t\n\t\t\t\t\n\t\t\t\t\n\t\t\t\t<div class=\"et_pb_module_inner\">\n\t\t\t\t\t\n\t\t\t\t<\/div>\n\t\t\t<\/div><div class=\"dvmd_outer\">\n\t\t\t\t\n\t\t\t\t\n\t\t\t\t\n\t\t\t\t\n\t\t\t\t\n\t\t\t\t\n\t\t\t\t<div class=\"dvmd_inner\">\n\t\t\t\t\t\n\t\t\t\t<\/div>\n\t\t\t<\/div><div class=\"dvmd_outer\">\n\t\t\t\t\n\t\t\t\t\n\t\t\t\t\n\t\t\t\t\n\t\t\t\t\n\t\t\t\t\n\t\t\t\t<div class=\"dvmd_inner\">\n\t\t\t\t\t\n\t\t\t\t<\/div>\n\t\t\t<\/div><\/p>","protected":false},"author":1,"featured_media":0,"parent":0,"menu_order":0,"comment_status":"closed","ping_status":"closed","template":"","meta":{"_et_pb_use_builder":"on","_et_pb_old_content":"","_et_gb_content_width":"","footnotes":""},"class_list":["post-21245901","page","type-page","status-publish","hentry"],"_links":{"self":[{"href":"https:\/\/hospodadubina.cz\/en\/wp-json\/wp\/v2\/pages\/21245901","targetHints":{"allow":["GET"]}}],"collection":[{"href":"https:\/\/hospodadubina.cz\/en\/wp-json\/wp\/v2\/pages"}],"about":[{"href":"https:\/\/hospodadubina.cz\/en\/wp-json\/wp\/v2\/types\/page"}],"author":[{"embeddable":true,"href":"https:\/\/hospodadubina.cz\/en\/wp-json\/wp\/v2\/users\/1"}],"replies":[{"embeddable":true,"href":"https:\/\/hospodadubina.cz\/en\/wp-json\/wp\/v2\/comments?post=21245901"}],"version-history":[{"count":48,"href":"https:\/\/hospodadubina.cz\/en\/wp-json\/wp\/v2\/pages\/21245901\/revisions"}],"predecessor-version":[{"id":21246058,"href":"https:\/\/hospodadubina.cz\/en\/wp-json\/wp\/v2\/pages\/21245901\/revisions\/21246058"}],"wp:attachment":[{"href":"https:\/\/hospodadubina.cz\/en\/wp-json\/wp\/v2\/media?parent=21245901"}],"curies":[{"name":"wp","href":"https:\/\/api.w.org\/{rel}","templated":true}]}}